{"id":2572,"date":"2021-12-13T23:56:41","date_gmt":"2021-12-14T05:56:41","guid":{"rendered":"https:\/\/www.nursing-advisory.com\/alianca-estrategica-do-trabalho\/"},"modified":"2022-09-01T15:56:58","modified_gmt":"2022-09-01T20:56:58","slug":"alianca-estrategica-do-trabalho","status":"publish","type":"page","link":"https:\/\/www.nursing-advisory.com\/pt-br\/alianca-estrategica-do-trabalho\/","title":{"rendered":"Alian\u00e7a Estrat\u00e9gica do Trabalho"},"content":{"rendered":"\n<div class=\"wp-block-columns has-background is-layout-flex wp-container-core-columns-is-layout-9d6595d7 wp-block-columns-is-layout-flex\" style=\"background-color:#1c4492\">\n<div class=\"wp-block-column is-vertically-aligned-center is-layout-flow wp-block-column-is-layout-flow\" style=\"flex-basis:66.66%\">\n<h2 class=\"wp-block-heading\"><mark style=\"background-color:rgba(0, 0, 0, 0)\" class=\"has-inline-color has-white-color\"> <strong><strong>Alian\u00e7a Estrat\u00e9gica do Trabalho<\/strong><\/strong> <\/mark><\/h2>\n\n\n\n<p><mark style=\"background-color:rgba(0, 0, 0, 0)\" class=\"has-inline-color has-white-color\"><strong>Trabalhamos de m\u00e3os dadas,<\/strong> <a href=\"https:\/\/recruitment.nashgroup.com\/\"><img loading=\"lazy\" decoding=\"async\" width=\"100\" height=\"17\" class=\"wp-image-2447\" style=\"width: 100px;\" src=\"https:\/\/www.nursing-advisory.com\/wp-content\/uploads\/2021\/12\/nash-logo-100px.png\" alt=\"\"><\/a> <strong>Empresa com mais de 30 anos de experi\u00eancia na ind\u00fastria dos servi\u00e7os de sa\u00fade<\/strong>. <img loading=\"lazy\" decoding=\"async\" width=\"100\" height=\"17\" class=\"wp-image-2447\" style=\"width: 100px;\" src=\"https:\/\/www.nursing-advisory.com\/wp-content\/uploads\/2021\/12\/nash-logo-100px.png\" alt=\"\"><strong>oferece a todos os nossos candidatos, ap\u00f3s a conclus\u00e3o do processo de certifica\u00e7\u00e3o, oportunidades de EMPREGO DIRETO com hospitais e sistemas de sa\u00fade SEM CUSTO e com sal\u00e1rios e benef\u00edcios id\u00eanticos aos dos enfermeiros dos EUA. Desde o in\u00edcio, te integramos com eles.<\/strong><\/mark><\/p>\n<\/div>\n\n\n\n<div class=\"wp-block-column is-vertically-aligned-center is-layout-flow wp-block-column-is-layout-flow\" style=\"flex-basis:33.33%\">\n<figure class=\"wp-block-image size-full\"><img loading=\"lazy\" decoding=\"async\" width=\"400\" height=\"244\" src=\"https:\/\/www.nursing-advisory.com\/wp-content\/uploads\/2021\/12\/Relacion-02.png\" alt=\"\" class=\"wp-image-2458\" srcset=\"https:\/\/www.nursing-advisory.com\/wp-content\/uploads\/2021\/12\/Relacion-02.png 400w, https:\/\/www.nursing-advisory.com\/wp-content\/uploads\/2021\/12\/Relacion-02-300x183.png 300w\" sizes=\"auto, (max-width: 400px) 100vw, 400px\" \/><\/figure>\n<\/div>\n<\/div>\n\n\n\n<p><\/p>\n","protected":false},"excerpt":{"rendered":"<p>Trabalhamos de m\u00e3os dadas The Nash Group,  Empresa com mais de 30 anos de experi\u00eancia na ind\u00fastria dos servi\u00e7os de sa\u00fade. <\/p>\n","protected":false},"author":1,"featured_media":0,"parent":0,"menu_order":0,"comment_status":"closed","ping_status":"closed","template":"","meta":{"_eb_attr":"","_monsterinsights_skip_tracking":false,"_monsterinsights_sitenote_active":false,"_monsterinsights_sitenote_note":"","_monsterinsights_sitenote_category":0,"footnotes":""},"class_list":["post-2572","page","type-page","status-publish","hentry"],"_links":{"self":[{"href":"https:\/\/www.nursing-advisory.com\/pt-br\/wp-json\/wp\/v2\/pages\/2572","targetHints":{"allow":["GET"]}}],"collection":[{"href":"https:\/\/www.nursing-advisory.com\/pt-br\/wp-json\/wp\/v2\/pages"}],"about":[{"href":"https:\/\/www.nursing-advisory.com\/pt-br\/wp-json\/wp\/v2\/types\/page"}],"author":[{"embeddable":true,"href":"https:\/\/www.nursing-advisory.com\/pt-br\/wp-json\/wp\/v2\/users\/1"}],"replies":[{"embeddable":true,"href":"https:\/\/www.nursing-advisory.com\/pt-br\/wp-json\/wp\/v2\/comments?post=2572"}],"version-history":[{"count":6,"href":"https:\/\/www.nursing-advisory.com\/pt-br\/wp-json\/wp\/v2\/pages\/2572\/revisions"}],"predecessor-version":[{"id":2920,"href":"https:\/\/www.nursing-advisory.com\/pt-br\/wp-json\/wp\/v2\/pages\/2572\/revisions\/2920"}],"wp:attachment":[{"href":"https:\/\/www.nursing-advisory.com\/pt-br\/wp-json\/wp\/v2\/media?parent=2572"}],"curies":[{"name":"wp","href":"https:\/\/api.w.org\/{rel}","templated":true}]}}