{"id":2575,"date":"2021-11-30T17:08:59","date_gmt":"2021-11-30T23:08:59","guid":{"rendered":"https:\/\/www.nursing-advisory.com\/prestamos-aconselhamento-individual\/"},"modified":"2022-09-01T15:37:51","modified_gmt":"2022-09-01T20:37:51","slug":"prestamos-aconselhamento-individual","status":"publish","type":"page","link":"https:\/\/www.nursing-advisory.com\/pt-br\/prestamos-aconselhamento-individual\/","title":{"rendered":"Prestamos assessoria individual"},"content":{"rendered":"\n<div class=\"wp-block-columns has-background is-layout-flex wp-container-core-columns-is-layout-9d6595d7 wp-block-columns-is-layout-flex\" style=\"background-color:#3765ab\">\n<div class=\"wp-block-column is-vertically-aligned-center is-layout-flow wp-block-column-is-layout-flow\" style=\"flex-basis:66.66%\">\n<h3 class=\"wp-block-heading\"> <strong><mark style=\"background-color:rgba(0, 0, 0, 0)\" class=\"has-inline-color has-white-color\">Assessoria e Acompanhamento<\/mark><\/strong><\/h3>\n\n\n\n<ul class=\"wp-block-list\"><li><mark style=\"background-color:rgba(0, 0, 0, 0)\" class=\"has-inline-color has-white-color\">Orienta\u00e7\u00e3o e acompanhamento para a aplica\u00e7\u00e3o de documentos nos pa\u00edses de origem.<\/mark><\/li><li><mark style=\"background-color:rgba(0, 0, 0, 0)\" class=\"has-inline-color has-white-color\">Revis\u00e3o dos documentos solicitados e enviados pela universidade para crit\u00e9rios de avalia\u00e7\u00e3o educativa<\/mark><\/li><li><mark style=\"background-color:rgba(0, 0, 0, 0)\" class=\"has-inline-color has-white-color\">Escolha do CONSELHO<\/mark><mark style=\"background-color:rgba(0, 0, 0, 0)\" class=\"has-inline-color has-white-color\">  DE ENFERMAGEM (BOARD OF NURSING), um assessor internacional de educa\u00e7\u00e3o e servi\u00e7os de verifica\u00e7\u00e3o de antecedentes, que melhor beneficie a situa\u00e7\u00e3o particular de cada candidato.<\/mark><\/li><li><mark style=\"background-color:rgba(0, 0, 0, 0)\" class=\"has-inline-color has-white-color\">Preenchimento dos formul\u00e1rios de registo junto do assessor de verifica\u00e7\u00e3o internacional e pedido ao conselho de enfermagem.<\/mark><\/li><li><mark style=\"background-color:rgba(0, 0, 0, 0)\" class=\"has-inline-color has-white-color\">Representa\u00e7\u00e3o perante as institui\u00e7\u00f5es envolvidas no processo.<\/mark><\/li><li><mark style=\"background-color:rgba(0, 0, 0, 0)\" class=\"has-inline-color has-white-color\">Agendamento para testes NCLEX.<\/mark><\/li><\/ul>\n<\/div>\n\n\n\n<div class=\"wp-block-column is-vertically-aligned-center is-layout-flow wp-block-column-is-layout-flow\" style=\"flex-basis:33.33%\"><div class=\"wp-block-image\">\n<figure class=\"aligncenter size-full\"><img loading=\"lazy\" decoding=\"async\" width=\"200\" height=\"407\" src=\"https:\/\/www.nursing-advisory.com\/wp-content\/uploads\/2021\/12\/personal-07.png\" alt=\"\" class=\"wp-image-2452\" srcset=\"https:\/\/www.nursing-advisory.com\/wp-content\/uploads\/2021\/12\/personal-07.png 200w, https:\/\/www.nursing-advisory.com\/wp-content\/uploads\/2021\/12\/personal-07-147x300.png 147w\" sizes=\"auto, (max-width: 200px) 100vw, 200px\" \/><\/figure>\n<\/div><\/div>\n<\/div>\n\n\n\n<section id=\"gm9aedc78\" class=\"wp-block-gutentor-m4 section-gm9aedc78 gutentor-module gutentor-advanced-columns\"><div class=\"grid-container\"><div class=\"grid-row\">\n<div id=\"col-gmbc1b53\" class=\"wp-block-gutentor-m4-col col-gmbc1b53 gutentor-single-column  grid-lg-2 grid-md-12 grid-12\"><div id=\"section-gmbc1b53\" class=\"section-gmbc1b53 gutentor-col-wrap\"><\/div><\/div>\n\n\n\n<div id=\"col-gm2a170e\" class=\"wp-block-gutentor-m4-col col-gm2a170e gutentor-single-column  grid-lg-8 grid-md-12 grid-12\"><div id=\"section-gm2a170e\" class=\"section-gm2a170e gutentor-col-wrap\">\n<section id=\"section-f78c81c8-404f-41ad-beb7-f2cf236cd34c\" class=\"wp-block-gutentor-video-popup gutentor-section gutentor-video-popup video-popup-template1 wow animated slideInDown\" data-wow-animation=\"slideInDown\" data-wow-iteration=\"1\"><div class=\"grid-container\"><div class=\"gutentor-grid-item-wrap\"><div class=\"gutentor-single-item\"><div class=\"gutentor-single-item-image-box\"><a class=\"gutentor-video-popup-holder\" href=\"https:\/\/vimeo.com\/662733896\"><span class=\"video-popup-icon-box\"><i class=\"fas fa-play\"><\/i> <\/span><\/a><\/div><\/div><\/div><\/div><\/section>\n<\/div><\/div>\n\n\n\n<div id=\"col-gmd8655e\" class=\"wp-block-gutentor-m4-col col-gmd8655e gutentor-single-column  grid-lg-2 grid-md-12 grid-12\"><div id=\"section-gmd8655e\" class=\"section-gmd8655e gutentor-col-wrap\"><\/div><\/div>\n<\/div><\/div><\/section>\n","protected":false},"excerpt":{"rendered":"<p>&#8211; Orienta\u00e7\u00e3o e acompanhamento para a aplica\u00e7\u00e3o de documentos nos pa\u00edses de origem.<br \/>\n&#8211; Revis\u00e3o dos documentos solicitados e enviados pela universidade para crit\u00e9rios de avalia\u00e7\u00e3o educativa<br \/>\n&#8211; Escolha do CONSELHO  DE ENFERMAGEM (BOARD OF NURSING), um assessor internacional de educa\u00e7\u00e3o<\/p>\n","protected":false},"author":1,"featured_media":0,"parent":0,"menu_order":0,"comment_status":"closed","ping_status":"closed","template":"templates\/full-width-page.php","meta":{"_eb_attr":"","_monsterinsights_skip_tracking":false,"_monsterinsights_sitenote_active":false,"_monsterinsights_sitenote_note":"","_monsterinsights_sitenote_category":0,"footnotes":""},"class_list":["post-2575","page","type-page","status-publish","hentry"],"_links":{"self":[{"href":"https:\/\/www.nursing-advisory.com\/pt-br\/wp-json\/wp\/v2\/pages\/2575","targetHints":{"allow":["GET"]}}],"collection":[{"href":"https:\/\/www.nursing-advisory.com\/pt-br\/wp-json\/wp\/v2\/pages"}],"about":[{"href":"https:\/\/www.nursing-advisory.com\/pt-br\/wp-json\/wp\/v2\/types\/page"}],"author":[{"embeddable":true,"href":"https:\/\/www.nursing-advisory.com\/pt-br\/wp-json\/wp\/v2\/users\/1"}],"replies":[{"embeddable":true,"href":"https:\/\/www.nursing-advisory.com\/pt-br\/wp-json\/wp\/v2\/comments?post=2575"}],"version-history":[{"count":4,"href":"https:\/\/www.nursing-advisory.com\/pt-br\/wp-json\/wp\/v2\/pages\/2575\/revisions"}],"predecessor-version":[{"id":2914,"href":"https:\/\/www.nursing-advisory.com\/pt-br\/wp-json\/wp\/v2\/pages\/2575\/revisions\/2914"}],"wp:attachment":[{"href":"https:\/\/www.nursing-advisory.com\/pt-br\/wp-json\/wp\/v2\/media?parent=2575"}],"curies":[{"name":"wp","href":"https:\/\/api.w.org\/{rel}","templated":true}]}}