{"id":2581,"date":"2021-11-30T23:08:42","date_gmt":"2021-12-01T05:08:42","guid":{"rendered":"https:\/\/www.nursing-advisory.com\/uma-parceria-para-levar-o-seu-ingles-para-o-nivel-seguinte\/"},"modified":"2022-09-12T16:05:48","modified_gmt":"2022-09-12T21:05:48","slug":"uma-parceria-para-levar-o-seu-ingles-para-o-nivel-seguinte","status":"publish","type":"page","link":"https:\/\/www.nursing-advisory.com\/pt-br\/uma-parceria-para-levar-o-seu-ingles-para-o-nivel-seguinte\/","title":{"rendered":"Uma parceria para levar o seu ingl\u00eas para o nivel avan\u00e7ado."},"content":{"rendered":"\n<div class=\"wp-block-columns is-layout-flex wp-container-core-columns-is-layout-9d6595d7 wp-block-columns-is-layout-flex\">\n<div class=\"wp-block-column is-layout-flow wp-block-column-is-layout-flow\">\n<p>Ao mesmo tempo que tratamos da parte administrativa, integramos os candidatos em um dos melhores cursos de idiomas para aprender ingl\u00eas e passar no exame obrigat\u00f3rio para emigrar aos EUA.<\/p>\n\n\n\n<p>Temos uma alian\u00e7a estrat\u00e9gica com <strong><a href=\"https:\/\/bsridiomas.com\/course\/bsr-nash-english-level-exam\">BSR Idiomas<\/a><\/strong> o que lhe permitir\u00e1 obter tarifas especiais no seu curso de ingl\u00eas.<\/p>\n<\/div>\n<\/div>\n\n\n\n<div class=\"wp-block-columns is-layout-flex wp-container-core-columns-is-layout-9d6595d7 wp-block-columns-is-layout-flex\">\n<div class=\"wp-block-column is-layout-flow wp-block-column-is-layout-flow\" style=\"flex-basis:33.33%\"><div class=\"wp-block-image\">\n<figure class=\"aligncenter size-full\"><img loading=\"lazy\" decoding=\"async\" width=\"300\" height=\"187\" src=\"https:\/\/www.nursing-advisory.com\/wp-content\/uploads\/2021\/12\/Clase.png\" alt=\"\" class=\"wp-image-2456\"\/><\/figure>\n<\/div><\/div>\n\n\n\n<div class=\"wp-block-column is-layout-flow wp-block-column-is-layout-flow\" style=\"flex-basis:66.66%\">\n<ul class=\"wp-block-list\"><li>Teste gratuito de avalia\u00e7\u00e3o em l\u00edngua inglesa.<\/li><li>Acesso a cursos virtuais sob o melhor sistema de aprendizagem de ingl\u00eas.<\/li><li>Aulas virtuais com os melhores tutores.<\/li><li>Acesso \u00e0 comunidade virtual para a solu\u00e7\u00e3o de d\u00favidas.<\/li><li>Prepara\u00e7\u00e3o e tr\u00eas exames TOELF simulados.<\/li><\/ul>\n<\/div>\n<\/div>\n\n\n\n<div class=\"wp-block-columns is-layout-flex wp-container-core-columns-is-layout-9d6595d7 wp-block-columns-is-layout-flex\">\n<div class=\"wp-block-column is-layout-flow wp-block-column-is-layout-flow\" style=\"flex-basis:25%\"><\/div>\n\n\n\n<div class=\"wp-block-column is-layout-flow wp-block-column-is-layout-flow\" style=\"flex-basis:50%\">\n<figure class=\"wp-block-embed is-type-video is-provider-vimeo wp-block-embed-vimeo wp-embed-aspect-16-9 wp-has-aspect-ratio\"><div class=\"wp-block-embed__wrapper\">\n<iframe loading=\"lazy\" title=\"BRSidiomas\" src=\"https:\/\/player.vimeo.com\/video\/651776013?h=d53b2c1ce5&amp;dnt=1&amp;app_id=122963\" width=\"790\" height=\"444\" frameborder=\"0\" allow=\"autoplay; fullscreen; picture-in-picture\" allowfullscreen><\/iframe>\n<\/div><\/figure>\n<\/div>\n\n\n\n<div class=\"wp-block-column is-layout-flow wp-block-column-is-layout-flow\" style=\"flex-basis:25%\"><\/div>\n<\/div>\n","protected":false},"excerpt":{"rendered":"<p>Ao mesmo tempo que tratamos da parte administrativa, integramos os candidatos em um dos melhores cursos de idiomas para aprender ingl\u00eas e passar no exame obrigat\u00f3rio para emigrar aos EUA.<\/p>\n","protected":false},"author":1,"featured_media":0,"parent":0,"menu_order":0,"comment_status":"closed","ping_status":"closed","template":"","meta":{"_eb_attr":"","_monsterinsights_skip_tracking":false,"_monsterinsights_sitenote_active":false,"_monsterinsights_sitenote_note":"","_monsterinsights_sitenote_category":0,"footnotes":""},"class_list":["post-2581","page","type-page","status-publish","hentry"],"_links":{"self":[{"href":"https:\/\/www.nursing-advisory.com\/pt-br\/wp-json\/wp\/v2\/pages\/2581","targetHints":{"allow":["GET"]}}],"collection":[{"href":"https:\/\/www.nursing-advisory.com\/pt-br\/wp-json\/wp\/v2\/pages"}],"about":[{"href":"https:\/\/www.nursing-advisory.com\/pt-br\/wp-json\/wp\/v2\/types\/page"}],"author":[{"embeddable":true,"href":"https:\/\/www.nursing-advisory.com\/pt-br\/wp-json\/wp\/v2\/users\/1"}],"replies":[{"embeddable":true,"href":"https:\/\/www.nursing-advisory.com\/pt-br\/wp-json\/wp\/v2\/comments?post=2581"}],"version-history":[{"count":3,"href":"https:\/\/www.nursing-advisory.com\/pt-br\/wp-json\/wp\/v2\/pages\/2581\/revisions"}],"predecessor-version":[{"id":2989,"href":"https:\/\/www.nursing-advisory.com\/pt-br\/wp-json\/wp\/v2\/pages\/2581\/revisions\/2989"}],"wp:attachment":[{"href":"https:\/\/www.nursing-advisory.com\/pt-br\/wp-json\/wp\/v2\/media?parent=2581"}],"curies":[{"name":"wp","href":"https:\/\/api.w.org\/{rel}","templated":true}]}}