{"id":2583,"date":"2021-11-30T22:44:06","date_gmt":"2021-12-01T04:44:06","guid":{"rendered":"https:\/\/www.nursing-advisory.com\/tudo-o-que-precisa-para-fazer-o-teste-nclex-rn\/"},"modified":"2022-09-01T15:45:13","modified_gmt":"2022-09-01T20:45:13","slug":"tudo-o-que-precisa-para-fazer-o-teste-nclex-rn","status":"publish","type":"page","link":"https:\/\/www.nursing-advisory.com\/pt-br\/tudo-o-que-precisa-para-fazer-o-teste-nclex-rn\/","title":{"rendered":"Tudo o que precisa para fazer o teste NCLEX &#8211; RN"},"content":{"rendered":"\n<div class=\"wp-block-columns is-layout-flex wp-container-core-columns-is-layout-9d6595d7 wp-block-columns-is-layout-flex\">\n<div class=\"wp-block-column is-layout-flow wp-block-column-is-layout-flow\" style=\"flex-basis:33.33%\">\n<figure class=\"wp-block-image size-full\"><img loading=\"lazy\" decoding=\"async\" width=\"200\" height=\"453\" src=\"https:\/\/www.nursing-advisory.com\/wp-content\/uploads\/2021\/12\/Personal2-2.png\" alt=\"\" class=\"wp-image-2455\" srcset=\"https:\/\/www.nursing-advisory.com\/wp-content\/uploads\/2021\/12\/Personal2-2.png 200w, https:\/\/www.nursing-advisory.com\/wp-content\/uploads\/2021\/12\/Personal2-2-132x300.png 132w\" sizes=\"auto, (max-width: 200px) 100vw, 200px\" \/><\/figure>\n<\/div>\n\n\n\n<div class=\"wp-block-column is-vertically-aligned-center is-layout-flow wp-block-column-is-layout-flow\" style=\"flex-basis:66.66%\">\n<h3 class=\"wp-block-heading\"> <strong><strong>Tudo o que precisa para fazer o teste NCLEX &#8211; RN<\/strong><\/strong><\/h3>\n\n\n\n<p>Prepara\u00e7\u00e3o para o Exame de Licenciamento do Conselho Nacional (NCLEX). Independentemente do local onde tenham obtido o seu diploma profissional, todos os enfermeiros precisam da aprova\u00e7\u00e3o neste exame para obter a matr\u00edcula profissional que lhes permite trabalhar como profissionais nos EUA.<\/p>\n\n\n\n<p>Orientamos sobre o plano de prepara\u00e7\u00e3o NCLEX, utilizando a metodologia Kaplan, tendo em conta o seu estilo de aprendizagem.<\/p>\n\n\n\n<ul class=\"wp-block-list\"><li>Atrav\u00e9s de leituras guiadas.<\/li><li>Plataformas interativas onde as algumas perguntas podem ser respondidas em tempo real em ingl\u00eas, portugu\u00eas e\/ou espanhol, dependendo da necessidade.<\/li><li>Aulas tutoriais com enfermeiros registados nos EUA e focadas na estrat\u00e9gias de exame.<\/li><\/ul>\n<\/div>\n<\/div>\n\n\n\n<p><\/p>\n","protected":false},"excerpt":{"rendered":"<p>Prepara\u00e7\u00e3o para o Exame de Licenciamento do Conselho Nacional (NCLEX). Independentemente do local onde tenham obtido o seu diploma profissional, todos os enfermeiros precisam da aprova\u00e7\u00e3o neste exame para obter a matr\u00edcula profissional que lhes permite trabalhar como profissionais nos EUA.<\/p>\n","protected":false},"author":1,"featured_media":0,"parent":0,"menu_order":0,"comment_status":"closed","ping_status":"closed","template":"templates\/full-width-page.php","meta":{"_eb_attr":"","_monsterinsights_skip_tracking":false,"_monsterinsights_sitenote_active":false,"_monsterinsights_sitenote_note":"","_monsterinsights_sitenote_category":0,"footnotes":""},"class_list":["post-2583","page","type-page","status-publish","hentry"],"_links":{"self":[{"href":"https:\/\/www.nursing-advisory.com\/pt-br\/wp-json\/wp\/v2\/pages\/2583","targetHints":{"allow":["GET"]}}],"collection":[{"href":"https:\/\/www.nursing-advisory.com\/pt-br\/wp-json\/wp\/v2\/pages"}],"about":[{"href":"https:\/\/www.nursing-advisory.com\/pt-br\/wp-json\/wp\/v2\/types\/page"}],"author":[{"embeddable":true,"href":"https:\/\/www.nursing-advisory.com\/pt-br\/wp-json\/wp\/v2\/users\/1"}],"replies":[{"embeddable":true,"href":"https:\/\/www.nursing-advisory.com\/pt-br\/wp-json\/wp\/v2\/comments?post=2583"}],"version-history":[{"count":2,"href":"https:\/\/www.nursing-advisory.com\/pt-br\/wp-json\/wp\/v2\/pages\/2583\/revisions"}],"predecessor-version":[{"id":2916,"href":"https:\/\/www.nursing-advisory.com\/pt-br\/wp-json\/wp\/v2\/pages\/2583\/revisions\/2916"}],"wp:attachment":[{"href":"https:\/\/www.nursing-advisory.com\/pt-br\/wp-json\/wp\/v2\/media?parent=2583"}],"curies":[{"name":"wp","href":"https:\/\/api.w.org\/{rel}","templated":true}]}}