{"id":2590,"date":"2016-09-05T19:26:14","date_gmt":"2016-09-06T00:26:14","guid":{"rendered":"https:\/\/www.nursing-advisory.com\/sobre-nos\/"},"modified":"2022-12-13T12:51:58","modified_gmt":"2022-12-13T18:51:58","slug":"sobre-nos","status":"publish","type":"page","link":"https:\/\/www.nursing-advisory.com\/pt-br\/sobre-nos\/","title":{"rendered":"Sobre n\u00f3s"},"content":{"rendered":"<p>A Nursing Advisory Services \u00e9 uma empresa americana dedicada a auxiliar bachar\u00e9is em Enfermagem a completar todos os requisitos para o processo de homologa\u00e7\u00e3o e valida\u00e7\u00e3o de t\u00edtulos profissionais para a pr\u00e1tica da Enfermagem nos Estados Unidos.<\/p>\n<p>Nossa miss\u00e3o \u00e9 encontrar candidatos internacionalmente e prepar\u00e1-los para trabalhar na \u00e1rea cl\u00ednica com hospitais nos Estados Unidos.<\/p>\n<p>Somos uma subsidi\u00e1ria da empresa, <a href=\"https:\/\/recruitment.nashgroup.com\/\"><img loading=\"lazy\" decoding=\"async\" class=\"alignnone size-full wp-image-2447\" src=\"https:\/\/www.nursing-advisory.com\/wp-content\/uploads\/2021\/12\/nash-logo-100px.png\" alt=\"\" width=\"100\" height=\"17\" \/><\/a>, uma das melhores empresas, que trabalha com o sistema de assist\u00eancia hospitalar nos Estados Unidos com mais de 30 anos.<\/p>\n\n\n<p><\/p>\n","protected":false},"excerpt":{"rendered":"<p>A Nursing Advisory Services \u00e9 uma empresa americana dedicada a auxiliar bachar\u00e9is em Enfermagem a completar todos os requisitos para o processo de homologa\u00e7\u00e3o e valida\u00e7\u00e3o de t\u00edtulos profissionais para a pr\u00e1tica da Enfermagem nos Estados Unidos. Nossa miss\u00e3o \u00e9 encontrar candidatos internacionalmente e prepar\u00e1-los para trabalhar na \u00e1rea cl\u00ednica&#8230;<\/p>\n","protected":false},"author":2,"featured_media":0,"parent":0,"menu_order":0,"comment_status":"closed","ping_status":"closed","template":"","meta":{"_eb_attr":"","_monsterinsights_skip_tracking":false,"_monsterinsights_sitenote_active":false,"_monsterinsights_sitenote_note":"","_monsterinsights_sitenote_category":0,"footnotes":""},"class_list":["post-2590","page","type-page","status-publish","hentry"],"_links":{"self":[{"href":"https:\/\/www.nursing-advisory.com\/pt-br\/wp-json\/wp\/v2\/pages\/2590","targetHints":{"allow":["GET"]}}],"collection":[{"href":"https:\/\/www.nursing-advisory.com\/pt-br\/wp-json\/wp\/v2\/pages"}],"about":[{"href":"https:\/\/www.nursing-advisory.com\/pt-br\/wp-json\/wp\/v2\/types\/page"}],"author":[{"embeddable":true,"href":"https:\/\/www.nursing-advisory.com\/pt-br\/wp-json\/wp\/v2\/users\/2"}],"replies":[{"embeddable":true,"href":"https:\/\/www.nursing-advisory.com\/pt-br\/wp-json\/wp\/v2\/comments?post=2590"}],"version-history":[{"count":11,"href":"https:\/\/www.nursing-advisory.com\/pt-br\/wp-json\/wp\/v2\/pages\/2590\/revisions"}],"predecessor-version":[{"id":3365,"href":"https:\/\/www.nursing-advisory.com\/pt-br\/wp-json\/wp\/v2\/pages\/2590\/revisions\/3365"}],"wp:attachment":[{"href":"https:\/\/www.nursing-advisory.com\/pt-br\/wp-json\/wp\/v2\/media?parent=2590"}],"curies":[{"name":"wp","href":"https:\/\/api.w.org\/{rel}","templated":true}]}}