{"id":2606,"date":"2022-04-04T13:43:28","date_gmt":"2022-04-04T18:43:28","guid":{"rendered":"https:\/\/www.nursing-advisory.com\/politica-de-devolucao-e-reembolso\/"},"modified":"2022-11-07T15:17:45","modified_gmt":"2022-11-07T21:17:45","slug":"politica-de-devolucao-e-reembolso","status":"publish","type":"page","link":"https:\/\/www.nursing-advisory.com\/pt-br\/politica-de-devolucao-e-reembolso\/","title":{"rendered":"Pol\u00edtica de devolu\u00e7\u00e3o e reembolso"},"content":{"rendered":"\n<p><b>POR FAVOR LEIA ATENTAMENTE ESTES TERMOS DE UTILIZA\u00c7\u00c3O ANTES DE ADQUIRIR QUALQUER UM DOS NOSSOS SERVI\u00c7OS.<\/b><\/p>\n\n\n\n<h2 class=\"wp-block-heading\">POL\u00cdTICAS DE VENDAS:<\/h2>\n\n\n\n<p>Todas as vendas s\u00e3o feitas em d\u00f3lares americanos (USD).<\/p>\n\n\n\n<p>Os pagamentos podem ser efectuados atrav\u00e9s do nosso POS virtual:<\/p>\n\n\n\n<ul class=\"wp-block-list\">\n<li>cart\u00f5es de d\u00e9bito\/cr\u00e9dito<\/li>\n\n\n\n<li> PAYPAL<\/li>\n\n\n\n<li>transfer\u00eancia banc\u00e1ria para a conta indicada para o efeito<\/li>\n<\/ul>\n\n\n\n<p>Quaisquer custos envolvidos em transfer\u00eancias devem ser suportados pelo cliente.<\/p>\n\n\n\n<p>O utilizador deve registar-se para o processo atrav\u00e9s do website ou do link enviado por um dos nossos parceiros.<\/p>\n\n\n\n<p>Uma vez recebida a confirma\u00e7\u00e3o do pagamento pela Nursing-Advisory, o utilizador ter\u00e1 acesso aos nossos conselheiros para processamento.<\/p>\n\n\n\n<h2 class=\"wp-block-heading\">POL\u00cdTICAS DE REEMBOLSO:<\/h2>\n\n\n\n<p>Oferecemos um reembolso total no prazo de 30 dias \u00e0 partir da data do pagamento inicial.<\/p>\n\n\n\n<p>Qualquer altera\u00e7\u00e3o, cancelamento ou retirada antecipada ap\u00f3s 30 dias EST\u00c1 SUJEITO \u00c0S SEGUINTES REGRAS DE CANCELAMENTO:<\/p>\n\n\n\n<p>Ap\u00f3s 30 dias, o candidato \u00e9 TOTALMENTE respons\u00e1vel pela cobertura financeira:<\/p>\n\n\n\n<p><strong>\u2022 $600<\/strong> USD para a BSR Idiomas English Academy se seu caso n\u00e3o tiver sido aberto com a empresa certificadora ou conselho de a Enfermagem.<\/p>\n\n\n\n<p>\u25cb Voc\u00ea manter\u00e1 o acesso aos servi\u00e7os BSR Idiomas por 12 meses<\/p>\n\n\n\n<p>\u2022<strong> O valor total ser\u00e1 exigido<\/strong> se voc\u00ea abriu seu caso no conselho de Enfermagem ou empresa certificadora.<\/p>\n\n\n\n<h2 class=\"wp-block-heading\">LEI APLIC\u00c1VEL E PROCEDIMENTOS DE JURISDI\u00c7\u00c3O:<\/h2>\n\n\n\n<p>Em caso de qualquer reclama\u00e7\u00e3o, voc\u00ea deve primeiro entrar em contato com seu assessor pessoal.<\/p>\n\n\n\n<p>Caso n\u00e3o obtenha uma resposta ou resolu\u00e7\u00e3o satisfat\u00f3ria, dever\u00e1 formalizar a sua reclama\u00e7\u00e3o atrav\u00e9s de nosso email info@nursing-advisory.com explicando clara e concisamente seu problema para que possamos reavaliar e dar uma resposta definitiva .<\/p>\n\n\n\n<p>Nossa empresa est\u00e1 registrada nos Estados Unidos no estado de Delaware. Somos regidos pelas leis dos Estados Unidos, portanto qualquer controv\u00e9rsia ser\u00e1 submetida aos tribunais do estado de Delaware, sem preju\u00edzo das regras obrigat\u00f3rias e procedimentos extrajudicais.<\/p>\n\n\n\n<p>A rela\u00e7\u00e3o entre a Nursing Advisory e o USU\u00c1RIO ser\u00e1 regida pelas normas vigentes nos Estados Unidos da Am\u00e9rica e qualquer controv\u00e9rsia ser\u00e1 submetida aos Tribunais e Tribunais locais ou canais indicados.<\/p>\n\n\n\n<p>Os interessados \u200b\u200bt\u00eam direito a consultar seus dados pessoais, bem como solicitar a sua corre\u00e7\u00e3o e cancelamento.<\/p>\n\n\n\n<p>Em determinadas circunst\u00e2ncias, os interessados \u200b\u200bpodem solicitar a limita\u00e7\u00e3o do uso dos seus dados, caso em que ser\u00e3o conservados apenas para o exerc\u00edcio ou defesa de reclama\u00e7\u00f5es.<\/p>\n\n\n\n<p>Qualquer um dos direitos descritos acima deve ser notificado por escrito devidamente assinado para os seguintes endere\u00e7os postais 5017 W 95TH Street, Oak Lawn IL 600453 U.S e para o e-mail <a href=\"mailto:info@nursing-advisory.com\">info@nursing-advisory.com<\/a>, comprovando sua identidade.<\/p>\n\n\n\n<h2 class=\"wp-block-heading\">Precisa de ajuda?<\/h2>\n\n\n\n<p>Contacte-nos em <a href=\"mailto:info@nursing-advisory.com\">info@nursing-advisory.com<\/a>.<\/p>\n","protected":false},"excerpt":{"rendered":"<p>POR FAVOR LEIA ATENTAMENTE ESTES TERMOS DE UTILIZA\u00c7\u00c3O ANTES DE ADQUIRIR QUALQUER UM DOS NOSSOS SERVI\u00c7OS. POL\u00cdTICAS DE VENDAS: Todas as vendas s\u00e3o feitas em d\u00f3lares americanos (USD). Os pagamentos podem ser efectuados atrav\u00e9s do nosso POS virtual: Quaisquer custos envolvidos em transfer\u00eancias devem ser suportados pelo cliente. O utilizador&#8230;<\/p>\n","protected":false},"author":1,"featured_media":0,"parent":0,"menu_order":0,"comment_status":"closed","ping_status":"closed","template":"","meta":{"_eb_attr":"","_monsterinsights_skip_tracking":false,"_monsterinsights_sitenote_active":false,"_monsterinsights_sitenote_note":"","_monsterinsights_sitenote_category":0,"footnotes":""},"class_list":["post-2606","page","type-page","status-publish","hentry"],"_links":{"self":[{"href":"https:\/\/www.nursing-advisory.com\/pt-br\/wp-json\/wp\/v2\/pages\/2606","targetHints":{"allow":["GET"]}}],"collection":[{"href":"https:\/\/www.nursing-advisory.com\/pt-br\/wp-json\/wp\/v2\/pages"}],"about":[{"href":"https:\/\/www.nursing-advisory.com\/pt-br\/wp-json\/wp\/v2\/types\/page"}],"author":[{"embeddable":true,"href":"https:\/\/www.nursing-advisory.com\/pt-br\/wp-json\/wp\/v2\/users\/1"}],"replies":[{"embeddable":true,"href":"https:\/\/www.nursing-advisory.com\/pt-br\/wp-json\/wp\/v2\/comments?post=2606"}],"version-history":[{"count":2,"href":"https:\/\/www.nursing-advisory.com\/pt-br\/wp-json\/wp\/v2\/pages\/2606\/revisions"}],"predecessor-version":[{"id":3244,"href":"https:\/\/www.nursing-advisory.com\/pt-br\/wp-json\/wp\/v2\/pages\/2606\/revisions\/3244"}],"wp:attachment":[{"href":"https:\/\/www.nursing-advisory.com\/pt-br\/wp-json\/wp\/v2\/media?parent=2606"}],"curies":[{"name":"wp","href":"https:\/\/api.w.org\/{rel}","templated":true}]}}