{"id":2608,"date":"2021-12-14T23:17:48","date_gmt":"2021-12-15T05:17:48","guid":{"rendered":"https:\/\/www.nursing-advisory.com\/perguntas-mais-frequentes\/"},"modified":"2022-09-01T16:09:06","modified_gmt":"2022-09-01T21:09:06","slug":"perguntas-mais-frequentes","status":"publish","type":"page","link":"https:\/\/www.nursing-advisory.com\/pt-br\/perguntas-mais-frequentes\/","title":{"rendered":"Perguntas mais frequentes"},"content":{"rendered":"\n<div class=\"wp-block-columns is-layout-flex wp-container-core-columns-is-layout-9d6595d7 wp-block-columns-is-layout-flex\">\n<div class=\"wp-block-column is-layout-flow wp-block-column-is-layout-flow\">\n<div class=\"wp-block-columns is-layout-flex wp-container-core-columns-is-layout-9d6595d7 wp-block-columns-is-layout-flex\">\n<div class=\"wp-block-column is-layout-flow wp-block-column-is-layout-flow\" style=\"flex-basis:70.66%\">\n<h3 class=\"wp-block-heading\"><strong><span style=\"color:#f01478\" class=\"has-inline-color\"><strong>Quais s\u00e3o os requisitos para iniciar o processo?<\/strong><\/span><\/strong><\/h3>\n\n\n\n<section id=\"gm1c2b190\" class=\"wp-block-gutentor-m4 section-gm1c2b190 gutentor-module gutentor-advanced-columns\"><div class=\"grid-container\"><div class=\"grid-row\">\n<div id=\"col-gm3b6b19\" class=\"wp-block-gutentor-m4-col col-gm3b6b19 gutentor-single-column  grid-lg-1 grid-md-12 grid-12\"><div id=\"section-gm3b6b19\" class=\"section-gm3b6b19 gutentor-col-wrap\"><\/div><\/div>\n\n\n\n<div id=\"col-gm5ecf34\" class=\"wp-block-gutentor-m4-col col-gm5ecf34 gutentor-single-column  grid-lg-11 grid-md-12 grid-12\"><div id=\"section-gm5ecf34\" class=\"section-gm5ecf34 gutentor-col-wrap\">\n<ul class=\"wp-block-list\"><li>Demonstrar profici\u00eancia em ingl\u00eas &#8211; N\u00edvel B2 certificado por exames internacionais: TOEFL total 81 pontos \/ verbal 26 pontos, ou IELTS total acad\u00e9mico 6,5 pontos \/ verbal 7,0 pontos.<\/li><li>Ser um profissional de Enfermagem com matr\u00edcula ativa no pa\u00eds de origem.<\/li><li>Experi\u00eancia cl\u00ednica de acordo com a entrevista de trabalho de pelo menos 1-2 anos.<\/li><li>Ter a vontade e o compromisso de se preparar tanto para o TOEFL\/IELTS Ingl\u00eas, como para os exames de licenciamento de enfermagem (NCLEX- RN).<\/li><\/ul>\n<\/div><\/div>\n<\/div><\/div><\/section>\n\n\n\n<p><strong>Dura\u00e7\u00e3o do processo:<\/strong> Isso \u00e9 determinado por uma s\u00e9rie de fatores: para aqueles com conhecimentos comprovados da l\u00edngua inglesa pode ser de 12 meses e para aqueles que precisam  melhorar seu ingl\u00eas, o processo pode demorar 18 &#8211; 24 meses.<\/p>\n<\/div>\n\n\n\n<div class=\"wp-block-column is-vertically-aligned-center is-layout-flow wp-block-column-is-layout-flow\" style=\"flex-basis:33.33%\">\n<figure class=\"wp-block-image alignwide size-large\"><img loading=\"lazy\" decoding=\"async\" width=\"1024\" height=\"683\" src=\"https:\/\/www.nursing-advisory.com\/wp-content\/uploads\/2022\/01\/QA2-1024x683.jpg\" alt=\"\" class=\"wp-image-2470\" srcset=\"https:\/\/www.nursing-advisory.com\/wp-content\/uploads\/2022\/01\/QA2-1024x683.jpg 1024w, https:\/\/www.nursing-advisory.com\/wp-content\/uploads\/2022\/01\/QA2-scaled-600x400.jpg 600w, https:\/\/www.nursing-advisory.com\/wp-content\/uploads\/2022\/01\/QA2-300x200.jpg 300w, https:\/\/www.nursing-advisory.com\/wp-content\/uploads\/2022\/01\/QA2-768x512.jpg 768w, https:\/\/www.nursing-advisory.com\/wp-content\/uploads\/2022\/01\/QA2-391x260.jpg 391w, https:\/\/www.nursing-advisory.com\/wp-content\/uploads\/2022\/01\/QA2-1536x1024.jpg 1536w, https:\/\/www.nursing-advisory.com\/wp-content\/uploads\/2022\/01\/QA2-2048x1365.jpg 2048w\" sizes=\"auto, (max-width: 1024px) 100vw, 1024px\" \/><\/figure>\n<\/div>\n<\/div>\n\n\n\n<p><\/p>\n<\/div>\n<\/div>\n\n\n\n<section id=\"section-dbf18502-f5ad-47fb-8f37-3f155f9390d6\" class=\"wp-block-gutentor-divider section-dbf18502-f5ad-47fb-8f37-3f155f9390d6 gutentor-element gutentor-section gutentor-divider text-center\"><div class=\"grid-container\"><div class=\"gutentor-divider-box\"><span><svg xmlns=\"http:\/\/www.w3.org\/2000\/svg\" viewBox=\"0 0 240 40\" preserveAspectRatio=\"none\"><path d=\"M56.2 20c5.3-.1 10.6-.2 16-.3l16-.2c10.6-.1 21.3-.1 31.9-.2 10.6.1 21.3 0 31.9.1l16 .2c5.3.1 10.6.2 16 .3-5.3.1-10.6.2-16 .3l-16 .2c-10.6.1-21.3.1-31.9.1-10.6-.1-21.3 0-31.9-.2l-16-.2c-5.4.1-10.7 0-16-.1z\"><\/path><\/svg><\/span><\/div><\/div><\/section>\n\n\n\n<div class=\"wp-block-columns is-layout-flex wp-container-core-columns-is-layout-9d6595d7 wp-block-columns-is-layout-flex\">\n<div class=\"wp-block-column is-layout-flow wp-block-column-is-layout-flow\" style=\"flex-basis:33.33%\">\n<div id=\"section-gc529ef\" class=\"wp-block-gutentor-e6 section-gc529ef gutentor-element gutentor-element-image\"><div class=\"gutentor-element-image-box\"><div class=\"gutentor-image-thumb\"><img decoding=\"async\" class=\"normal-image\" src=\"https:\/\/www.nursing-advisory.com\/wp-content\/uploads\/2022\/01\/QA-scaled.jpg\"\/><\/div><\/div><\/div>\n<\/div>\n\n\n\n<div class=\"wp-block-column is-layout-flow wp-block-column-is-layout-flow\" style=\"flex-basis:66.66%\">\n<h3 class=\"wp-block-heading\"> <strong><span style=\"color:#f01478\" class=\"has-inline-color\"><strong>Qu\u00e3o necess\u00e1rio \u00e9 o ingl\u00eas para iniciar o processo?<\/strong><\/span><\/strong> <\/h3>\n\n\n\n<p>\u00c9 poss\u00edvel obter matr\u00edcula de Enfermagem nos Estados Unidos sem ter passado num dos testes de l\u00edngua inglesa. No entanto, <strong>N\u00c3O<\/strong> \u00e9 poss\u00edvel completar o processo de imigra\u00e7\u00e3o sem a certifica\u00e7\u00e3o em l\u00edngua inglesa.<\/p>\n\n\n\n<p><br>Desde o in\u00edcio do processo conosco, o candidato deve estar empenhado em completar este requisito para alcan\u00e7ar o objetivo de continuar a sua carreira profissional nos EUA.<\/p>\n<\/div>\n<\/div>\n\n\n\n<section id=\"section-88f6fd0b-8147-4c39-84f0-e6a9fa4c2660\" class=\"wp-block-gutentor-divider section-88f6fd0b-8147-4c39-84f0-e6a9fa4c2660 gutentor-element gutentor-section gutentor-divider text-center\"><div class=\"grid-container\"><div class=\"gutentor-divider-box\"><span><svg xmlns=\"http:\/\/www.w3.org\/2000\/svg\" viewBox=\"0 0 240 40\" preserveAspectRatio=\"none\"><path d=\"M56.2 20c5.3-.1 10.6-.2 16-.3l16-.2c10.6-.1 21.3-.1 31.9-.2 10.6.1 21.3 0 31.9.1l16 .2c5.3.1 10.6.2 16 .3-5.3.1-10.6.2-16 .3l-16 .2c-10.6.1-21.3.1-31.9.1-10.6-.1-21.3 0-31.9-.2l-16-.2c-5.4.1-10.7 0-16-.1z\"><\/path><\/svg><\/span><\/div><\/div><\/section>\n\n\n\n<div class=\"wp-block-columns is-layout-flex wp-container-core-columns-is-layout-9d6595d7 wp-block-columns-is-layout-flex\">\n<div class=\"wp-block-column is-layout-flow wp-block-column-is-layout-flow\" style=\"flex-basis:66.66%\">\n<h3 class=\"wp-block-heading\"><strong><strong><mark style=\"background-color:rgba(0, 0, 0, 0);color:#f01478\" class=\"has-inline-color\"><strong>Os Servi\u00e7os de Assessoria de Enfermagem arranjam patroc\u00ednio para mim nos Estados Unidos?<\/strong><\/mark><\/strong><\/strong> <\/h3>\n\n\n\n<p>Desde o in\u00edcio do processo trabalhamos com The Nash Group, que \u00e9 respons\u00e1vel pela prepara\u00e7\u00e3o das entrevistas de trabalho e, de acordo com o perfil do candidato, apresentamos aos hospitais interessados em patrocinar enfermeiros estrangeiros que buscam trabalhar nos Estados Unidos.<\/p>\n<\/div>\n\n\n\n<div class=\"wp-block-column is-layout-flow wp-block-column-is-layout-flow\" style=\"flex-basis:33.33%\">\n<div id=\"section-g6c7b9e\" class=\"wp-block-gutentor-e6 section-g6c7b9e gutentor-element gutentor-element-image\"><div class=\"gutentor-element-image-box\"><div class=\"gutentor-image-thumb\"><img decoding=\"async\" class=\"normal-image\" src=\"https:\/\/www.nursing-advisory.com\/wp-content\/uploads\/2022\/01\/QA3-scaled.jpg\"\/><\/div><\/div><\/div>\n<\/div>\n<\/div>\n\n\n\n<section id=\"section-cfbb8080-7789-4d86-9401-8107d7a6367f\" class=\"wp-block-gutentor-divider section-cfbb8080-7789-4d86-9401-8107d7a6367f gutentor-element gutentor-section gutentor-divider text-center\"><div class=\"grid-container\"><div class=\"gutentor-divider-box\"><span><svg xmlns=\"http:\/\/www.w3.org\/2000\/svg\" viewBox=\"0 0 240 40\" preserveAspectRatio=\"none\"><path d=\"M56.2 20c5.3-.1 10.6-.2 16-.3l16-.2c10.6-.1 21.3-.1 31.9-.2 10.6.1 21.3 0 31.9.1l16 .2c5.3.1 10.6.2 16 .3-5.3.1-10.6.2-16 .3l-16 .2c-10.6.1-21.3.1-31.9.1-10.6-.1-21.3 0-31.9-.2l-16-.2c-5.4.1-10.7 0-16-.1z\"><\/path><\/svg><\/span><\/div><\/div><\/section>\n\n\n\n<div class=\"wp-block-columns is-layout-flex wp-container-core-columns-is-layout-9d6595d7 wp-block-columns-is-layout-flex\">\n<div class=\"wp-block-column is-layout-flow wp-block-column-is-layout-flow\" style=\"flex-basis:33.33%\">\n<div id=\"section-g8be076\" class=\"wp-block-gutentor-e6 section-g8be076 gutentor-element gutentor-element-image\"><div class=\"gutentor-element-image-box\"><div class=\"gutentor-image-thumb\"><img decoding=\"async\" class=\"normal-image\" src=\"https:\/\/www.nursing-advisory.com\/wp-content\/uploads\/2021\/12\/Relacion-02.png\"\/><\/div><\/div><\/div>\n<\/div>\n\n\n\n<div class=\"wp-block-column is-layout-flow wp-block-column-is-layout-flow\" style=\"flex-basis:66.66%\">\n<h3 class=\"wp-block-heading\"><strong><strong><mark style=\"background-color:rgba(0, 0, 0, 0);color:#f01478\" class=\"has-inline-color\"><strong>Em que condi\u00e7\u00f5es de trabalho empregam os profissionais de Enfermagem?<\/strong><\/mark><\/strong><\/strong><\/h3>\n\n\n\n<p>Os indiv\u00edduos que completam o processo de homologa\u00e7\u00e3o dos seus diplomas e requisitos lingu\u00edsticos s\u00e3o contratados DIRETAMENTE pelos hospitais patrocinadores, o que lhes d\u00e1 acesso a todos os benef\u00edcios estatut\u00e1rios, programas de educa\u00e7\u00e3o, assist\u00eancia social e b\u00f4nus que os hospitais dip\u00f5em aos seus funcion\u00e1rios regulares.<\/p>\n<\/div>\n<\/div>\n","protected":false},"excerpt":{"rendered":"<p>Quais s\u00e3o os requisitos para iniciar o processo? Dura\u00e7\u00e3o do processo: Isso \u00e9 determinado por uma s\u00e9rie de fatores: para aqueles com conhecimentos comprovados da l\u00edngua inglesa pode ser de 12 meses e para aqueles que precisam melhorar seu ingl\u00eas, o processo pode demorar 18 &#8211; 24 meses. Qu\u00e3o necess\u00e1rio&#8230;<\/p>\n","protected":false},"author":1,"featured_media":0,"parent":0,"menu_order":0,"comment_status":"closed","ping_status":"closed","template":"","meta":{"_eb_attr":"","_monsterinsights_skip_tracking":false,"_monsterinsights_sitenote_active":false,"_monsterinsights_sitenote_note":"","_monsterinsights_sitenote_category":0,"footnotes":""},"class_list":["post-2608","page","type-page","status-publish","hentry"],"_links":{"self":[{"href":"https:\/\/www.nursing-advisory.com\/pt-br\/wp-json\/wp\/v2\/pages\/2608","targetHints":{"allow":["GET"]}}],"collection":[{"href":"https:\/\/www.nursing-advisory.com\/pt-br\/wp-json\/wp\/v2\/pages"}],"about":[{"href":"https:\/\/www.nursing-advisory.com\/pt-br\/wp-json\/wp\/v2\/types\/page"}],"author":[{"embeddable":true,"href":"https:\/\/www.nursing-advisory.com\/pt-br\/wp-json\/wp\/v2\/users\/1"}],"replies":[{"embeddable":true,"href":"https:\/\/www.nursing-advisory.com\/pt-br\/wp-json\/wp\/v2\/comments?post=2608"}],"version-history":[{"count":2,"href":"https:\/\/www.nursing-advisory.com\/pt-br\/wp-json\/wp\/v2\/pages\/2608\/revisions"}],"predecessor-version":[{"id":2922,"href":"https:\/\/www.nursing-advisory.com\/pt-br\/wp-json\/wp\/v2\/pages\/2608\/revisions\/2922"}],"wp:attachment":[{"href":"https:\/\/www.nursing-advisory.com\/pt-br\/wp-json\/wp\/v2\/media?parent=2608"}],"curies":[{"name":"wp","href":"https:\/\/api.w.org\/{rel}","templated":true}]}}