{"id":2952,"date":"2022-09-08T17:27:34","date_gmt":"2022-09-08T22:27:34","guid":{"rendered":"https:\/\/www.nursing-advisory.com\/iniciar-o-processo\/"},"modified":"2025-11-18T14:55:44","modified_gmt":"2025-11-18T20:55:44","slug":"iniciar-o-processo","status":"publish","type":"page","link":"https:\/\/www.nursing-advisory.com\/pt-br\/iniciar-o-processo\/","title":{"rendered":"Iniciar o processo"},"content":{"rendered":"\n<p class=\"has-medium-font-size\">Caso voc\u00ea ainda tenha d\u00favidas sobre o processo, n\u00e3o agende a reuni\u00e3o com o assessor. Recomendamos que primeiro participe de uma reuni\u00e3o informativa (use o menu &#8220;informa\u00e7\u00f5es&#8221;) onde explicamos todos os detalhes do processo ou o direcionamos para um retorno de chamada em casos especiais.<\/p>\n\n\n\n<p class=\"has-medium-font-size\">Ao selecionar o bot\u00e3o \u201cIniciar\u201d, voc\u00ea agendar\u00e1 uma reuni\u00e3o com um assessor (idioma nativo Portugu\u00eas) para iniciar seu processo, incluindo a assinatura do&nbsp;Contrato de Servi\u00e7os&nbsp;e o&nbsp;Direito de Representa\u00e7\u00e3o&nbsp;(leia abaixo as orienta\u00e7\u00f5es para a reuni\u00e3o e fa\u00e7a o download do Microsoft Teams).<\/p>\n\n\n\n<div class=\"wp-block-columns is-layout-flex wp-container-core-columns-is-layout-9d6595d7 wp-block-columns-is-layout-flex\">\n<div class=\"wp-block-column is-layout-flow wp-block-column-is-layout-flow\"><\/div>\n\n\n\n<div class=\"wp-block-column is-layout-flow wp-block-column-is-layout-flow\">\n<div class=\"wp-block-buttons alignwide is-content-justification-center is-layout-flex wp-container-core-buttons-is-layout-16018d1d wp-block-buttons-is-layout-flex\">\n<div class=\"wp-block-button is-style-fill\"><a class=\"wp-block-button__link has-background wp-element-button\" href=\"https:\/\/outlook.office365.com\/book\/ServiodeAssessoria1@nashgroup.com\/\" style=\"border-radius:14px;background-color:#f56e47\">In\u00edcio<\/a><\/div>\n<\/div>\n<\/div>\n\n\n\n<div class=\"wp-block-column is-layout-flow wp-block-column-is-layout-flow\"><\/div>\n<\/div>\n\n\n\n<p class=\"has-medium-font-size\">Siga\u00a0as orienta\u00e7\u00f5es para a reuni\u00e3o com o consultor (o n\u00e3o cumprimento pode resultar no reagendamento da reuni\u00e3o):<\/p>\n\n\n\n<ul class=\"wp-block-list\">\n<li class=\"has-medium-font-size\">Por favor, chegue no hor\u00e1rio.<\/li>\n\n\n\n<li class=\"has-medium-font-size\">Agende um hor\u00e1rio em que voc\u00ea possa prestar aten\u00e7\u00e3o total e n\u00e3o tenha distra\u00e7\u00f5es.<\/li>\n\n\n\n<li class=\"has-medium-font-size\">Leve as informa\u00e7\u00f5es do seu passaporte com voc\u00ea. Se voc\u00ea n\u00e3o estiver com o passaporte, certifique-se de ter a carteira de identidade nacional (RG).<\/li>\n\n\n\n<li class=\"has-medium-font-size\">As reuni\u00f5es com os consultores s\u00e3o realizadas por meio do aplicativo Microsoft Teams. Se voc\u00ea ainda n\u00e3o o tiver instalado, fa\u00e7a o download antecipado do Microsoft Teams em seu computador usando este bot\u00e3o:<\/li>\n<\/ul>\n\n\n\n<div class=\"wp-block-buttons alignwide is-content-justification-center is-layout-flex wp-container-core-buttons-is-layout-16018d1d wp-block-buttons-is-layout-flex\">\n<div class=\"wp-block-button\"><a class=\"wp-block-button__link has-background wp-element-button\" href=\"https:\/\/www.microsoft.com\/en-us\/microsoft-teams\/download-app\" style=\"border-radius:6px;background-color:#275cf6\">Baixar o Microsoft Teams<\/a><\/div>\n<\/div>\n\n\n\n<p><\/p>\n","protected":false},"excerpt":{"rendered":"<p>Caso voc\u00ea ainda tenha d\u00favidas sobre o processo, n\u00e3o agende a reuni\u00e3o com o assessor. Recomendamos que primeiro participe de uma reuni\u00e3o informativa (use o menu &#8220;informa\u00e7\u00f5es&#8221;) onde explicamos todos os detalhes do processo ou o direcionamos para um retorno de chamada em casos especiais. Ao selecionar o bot\u00e3o \u201cIniciar\u201d,&#8230;<\/p>\n","protected":false},"author":1,"featured_media":0,"parent":0,"menu_order":0,"comment_status":"closed","ping_status":"closed","template":"","meta":{"_eb_attr":"","_monsterinsights_skip_tracking":false,"_monsterinsights_sitenote_active":false,"_monsterinsights_sitenote_note":"","_monsterinsights_sitenote_category":0,"footnotes":""},"class_list":["post-2952","page","type-page","status-publish","hentry"],"_links":{"self":[{"href":"https:\/\/www.nursing-advisory.com\/pt-br\/wp-json\/wp\/v2\/pages\/2952","targetHints":{"allow":["GET"]}}],"collection":[{"href":"https:\/\/www.nursing-advisory.com\/pt-br\/wp-json\/wp\/v2\/pages"}],"about":[{"href":"https:\/\/www.nursing-advisory.com\/pt-br\/wp-json\/wp\/v2\/types\/page"}],"author":[{"embeddable":true,"href":"https:\/\/www.nursing-advisory.com\/pt-br\/wp-json\/wp\/v2\/users\/1"}],"replies":[{"embeddable":true,"href":"https:\/\/www.nursing-advisory.com\/pt-br\/wp-json\/wp\/v2\/comments?post=2952"}],"version-history":[{"count":18,"href":"https:\/\/www.nursing-advisory.com\/pt-br\/wp-json\/wp\/v2\/pages\/2952\/revisions"}],"predecessor-version":[{"id":10233,"href":"https:\/\/www.nursing-advisory.com\/pt-br\/wp-json\/wp\/v2\/pages\/2952\/revisions\/10233"}],"wp:attachment":[{"href":"https:\/\/www.nursing-advisory.com\/pt-br\/wp-json\/wp\/v2\/media?parent=2952"}],"curies":[{"name":"wp","href":"https:\/\/api.w.org\/{rel}","templated":true}]}}