{"id":6740,"date":"2024-02-28T11:48:00","date_gmt":"2024-02-28T17:48:00","guid":{"rendered":"https:\/\/www.nursing-advisory.com\/exame-de-ingles-e-oet\/"},"modified":"2024-03-05T13:30:57","modified_gmt":"2024-03-05T19:30:57","slug":"exame-de-ingles-e-oet","status":"publish","type":"page","link":"https:\/\/www.nursing-advisory.com\/pt-br\/exame-de-ingles-e-oet\/","title":{"rendered":"Exame de ingl\u00eas e OET"},"content":{"rendered":"\n<section id=\"gm3b50d3a\" class=\"wp-block-gutentor-m4 section-gm3b50d3a gutentor-module gutentor-advanced-columns has-color-bg has-custom-bg\"><div class=\"grid-container\"><div class=\"grid-row\">\n<div id=\"col-gm418057\" class=\"wp-block-gutentor-m4-col col-gm418057 gutentor-single-column  grid-lg-3 grid-md-12 grid-12\"><div id=\"section-gm418057\" class=\"section-gm418057 gutentor-col-wrap\">\n<section id=\"gm9591767\" class=\"wp-block-gutentor-m3 section-gm9591767 gutentor-module gutentor-container-cover has-image-bg has-custom-bg has-gutentor-overlay g-valign-c-mobile g-valign-c-tablet g-valign-c-desktop wow slideInUp\" data-wow-animation=\"slideInUp\" data-wow-duration=\"1s\" data-wow-iteration=\"1\"><div class=\"grid-container gutentor-rm-ct-space\">\n<div id=\"section-g67ef74\" class=\"wp-block-gutentor-e0 section-g67ef74 gutentor-element gutentor-element-advanced-text text-align-center-mobile\"><div class=\"gutentor-text-wrap\"><p class=\"gutentor-text\">Os melhores benef\u00edcios<\/p><\/div><\/div>\n\n\n\n<div id=\"section-gde7037\" class=\"wp-block-gutentor-e0 section-gde7037 gutentor-element gutentor-element-advanced-text text-align-center-mobile\"><div class=\"gutentor-text-wrap\"><p class=\"gutentor-text\">$<strong>1250<\/strong><\/p><\/div><\/div>\n\n\n\n<div id=\"section-g785c17\" class=\"wp-block-gutentor-e0 section-g785c17 gutentor-element gutentor-element-advanced-text text-align-center-mobile\"><div class=\"gutentor-text-wrap\"><p class=\"gutentor-text\"><\/p><\/div><\/div>\n\n\n\n<div id=\"section-g2ff5cb\" class=\"wp-block-gutentor-e2 section-g2ff5cb gutentor-element gutentor-element-button button-align-center-mobile\"><span class=\"gutentor-button-wrap\"><a class=\"gutentor-button gutentor-block-button gutentor-icon-after\" href=\"https:\/\/www.nursing-advisory.com\/pt-br\/producto\/pago-completo-eoet-r2r-1250\/\"><i class=\"gutentor-button-icon fas fa-arrow-right\"><\/i><span>Obter agora<\/span><\/a><\/span><\/div>\n<\/div><\/section>\n<\/div><\/div>\n\n\n\n<div id=\"col-gm4236ce\" class=\"wp-block-gutentor-m4-col col-gm4236ce gutentor-single-column  grid-lg-9 grid-md-12 grid-12\"><div id=\"section-gm4236ce\" class=\"section-gm4236ce gutentor-col-wrap\">\n<div id=\"section-g43162b\" class=\"wp-block-gutentor-e1 section-g43162b gutentor-element gutentor-element-advanced-text gutentor-width-enabled wow slideInUp enable-title-design\" data-wow-animation=\"slideInUp\" data-wow-duration=\"1s\"><div class=\"gutentor-text-wrap divider-bottom\"><h2 class=\"gutentor-text\"><em>Pagamento em dinheiro<\/em><\/h2><div class=\"gutentor-separator gutentor-separator-after border-dashed\"><\/div><\/div><\/div>\n\n\n\n<section id=\"gm8eb6626\" class=\"wp-block-gutentor-m2 section-gm8eb6626 gutentor-module gutentor-dynamic-columns\"><div class=\"grid-container gutentor-rm-ct-space\"><div class=\"grid-row\">\n<div id=\"col-gm32c31c\" class=\"wp-block-gutentor-m2-col col-gm32c31c gutentor-module gutentor-dynamic-single-column wow slideInUp grid-lg-6 grid-md-6 grid-12\" data-wow-animation=\"slideInUp\" data-wow-delay=\"0.3s\" data-wow-duration=\"1s\" data-wow-iteration=\"1\"><div id=\"section-gm32c31c\" class=\"section-gm32c31c gutentor-single-col\">\n<section id=\"gm8ae7ad0\" class=\"wp-block-gutentor-m4 section-gm8ae7ad0 gutentor-module gutentor-advanced-columns\"><div class=\"grid-container gutentor-rm-ct-space\"><div class=\"grid-row\">\n<div id=\"col-gmebdac6\" class=\"wp-block-gutentor-m4-col col-gmebdac6 gutentor-single-column  grid-lg-3 grid-md-3 grid-3\"><div id=\"section-gmebdac6\" class=\"section-gmebdac6 gutentor-col-wrap\">\n<div id=\"section-g8865dc\" class=\"wp-block-gutentor-e5 section-g8865dc gutentor-element gutentor-element-icon gutentor-icon-default text-align-center-mobile\"><div class=\"gutentor-element-icon-box\"><i class=\"fas fa-check\"><\/i><\/div><\/div>\n<\/div><\/div>\n\n\n\n<div id=\"col-gm32e280\" class=\"wp-block-gutentor-m4-col col-gm32e280 gutentor-single-column  grid-lg-9 grid-md-9 grid-9\"><div id=\"section-gm32e280\" class=\"section-gm32e280 gutentor-col-wrap\">\n<div id=\"section-gbf1b6a\" class=\"wp-block-gutentor-e0 section-gbf1b6a gutentor-element gutentor-element-advanced-text\"><div class=\"gutentor-text-wrap\"><h3 class=\"gutentor-text\">Prepara\u00e7\u00e3o intensiva para o idioma ingl\u00eas <\/h3><\/div><\/div>\n\n\n\n<div id=\"section-ga59fe2\" class=\"wp-block-gutentor-e0 section-ga59fe2 gutentor-element gutentor-element-advanced-text\"><div class=\"gutentor-text-wrap\"><p class=\"gutentor-text\">Dezoito (18) meses de prepara\u00e7\u00e3o intensiva para o idioma ingl\u00eas com a BSR Idiomas<\/p><\/div><\/div>\n<\/div><\/div>\n<\/div><\/div><\/section>\n<\/div><\/div>\n\n\n\n<div id=\"col-gm3668e3\" class=\"wp-block-gutentor-m2-col col-gm3668e3 gutentor-module gutentor-dynamic-single-column wow slideInUp grid-lg-6 grid-md-6 grid-12\" data-wow-animation=\"slideInUp\" data-wow-delay=\"0.3s\" data-wow-duration=\"1s\" data-wow-iteration=\"1\"><div id=\"section-gm3668e3\" class=\"section-gm3668e3 gutentor-single-col\">\n<section id=\"gm68fd591\" class=\"wp-block-gutentor-m4 section-gm68fd591 gutentor-module gutentor-advanced-columns\"><div class=\"grid-container gutentor-rm-ct-space\"><div class=\"grid-row\">\n<div id=\"col-gm3ff873\" class=\"wp-block-gutentor-m4-col col-gm3ff873 gutentor-single-column  grid-lg-3 grid-md-3 grid-3\"><div id=\"section-gm3ff873\" class=\"section-gm3ff873 gutentor-col-wrap\">\n<div id=\"section-gd8e995\" class=\"wp-block-gutentor-e5 section-gd8e995 gutentor-element gutentor-element-icon gutentor-icon-default text-align-center-mobile\"><div class=\"gutentor-element-icon-box\"><i class=\"fas fa-check\"><\/i><\/div><\/div>\n<\/div><\/div>\n\n\n\n<div id=\"col-gm9279f0\" class=\"wp-block-gutentor-m4-col col-gm9279f0 gutentor-single-column  grid-lg-9 grid-md-9 grid-9\"><div id=\"section-gm9279f0\" class=\"section-gm9279f0 gutentor-col-wrap\">\n<div id=\"section-g77380d\" class=\"wp-block-gutentor-e0 section-g77380d gutentor-element gutentor-element-advanced-text\"><div class=\"gutentor-text-wrap\"><h3 class=\"gutentor-text\">Teste de exame de profici\u00eancia<\/h3><\/div><\/div>\n\n\n\n<div id=\"section-gc27eb6\" class=\"wp-block-gutentor-e0 section-gc27eb6 gutentor-element gutentor-element-advanced-text\"><div class=\"gutentor-text-wrap\"><p class=\"gutentor-text\">Um (1) exame de profici\u00eancia em ingl\u00eas: TOEFL ou OET<\/p><\/div><\/div>\n<\/div><\/div>\n<\/div><\/div><\/section>\n<\/div><\/div>\n<\/div><\/div><\/section>\n<\/div><\/div>\n<\/div><\/div><\/section>\n","protected":false},"excerpt":{"rendered":"","protected":false},"author":1,"featured_media":0,"parent":0,"menu_order":0,"comment_status":"closed","ping_status":"closed","template":"","meta":{"_eb_attr":"","_monsterinsights_skip_tracking":false,"_monsterinsights_sitenote_active":false,"_monsterinsights_sitenote_note":"","_monsterinsights_sitenote_category":0,"footnotes":""},"class_list":["post-6740","page","type-page","status-publish","hentry"],"_links":{"self":[{"href":"https:\/\/www.nursing-advisory.com\/pt-br\/wp-json\/wp\/v2\/pages\/6740","targetHints":{"allow":["GET"]}}],"collection":[{"href":"https:\/\/www.nursing-advisory.com\/pt-br\/wp-json\/wp\/v2\/pages"}],"about":[{"href":"https:\/\/www.nursing-advisory.com\/pt-br\/wp-json\/wp\/v2\/types\/page"}],"author":[{"embeddable":true,"href":"https:\/\/www.nursing-advisory.com\/pt-br\/wp-json\/wp\/v2\/users\/1"}],"replies":[{"embeddable":true,"href":"https:\/\/www.nursing-advisory.com\/pt-br\/wp-json\/wp\/v2\/comments?post=6740"}],"version-history":[{"count":3,"href":"https:\/\/www.nursing-advisory.com\/pt-br\/wp-json\/wp\/v2\/pages\/6740\/revisions"}],"predecessor-version":[{"id":6835,"href":"https:\/\/www.nursing-advisory.com\/pt-br\/wp-json\/wp\/v2\/pages\/6740\/revisions\/6835"}],"wp:attachment":[{"href":"https:\/\/www.nursing-advisory.com\/pt-br\/wp-json\/wp\/v2\/media?parent=6740"}],"curies":[{"name":"wp","href":"https:\/\/api.w.org\/{rel}","templated":true}]}}