{"id":8152,"date":"2024-10-01T08:56:22","date_gmt":"2024-10-01T13:56:22","guid":{"rendered":"https:\/\/www.nursing-advisory.com\/?page_id=8152"},"modified":"2024-10-01T10:21:55","modified_gmt":"2024-10-01T15:21:55","slug":"servico-completo-sem-ingles-com-financiamento-de-17-meses","status":"publish","type":"page","link":"https:\/\/www.nursing-advisory.com\/pt-br\/servico-completo-sem-ingles-com-financiamento-de-17-meses\/","title":{"rendered":"Servi\u00e7o completo sem ingl\u00eas com financiamento de 17 meses"},"content":{"rendered":"\n<section id=\"gm33e9342\" class=\"wp-block-gutentor-m4 section-gm33e9342 gutentor-module gutentor-advanced-columns has-color-bg has-custom-bg\"><div class=\"grid-container\"><div class=\"grid-row\">\n<div id=\"col-gm420017\" class=\"wp-block-gutentor-m4-col col-gm420017 gutentor-single-column  grid-lg-3 grid-md-12 grid-12\"><div id=\"section-gm420017\" class=\"section-gm420017 gutentor-col-wrap\">\n<section id=\"gmabff954\" class=\"wp-block-gutentor-m3 section-gmabff954 gutentor-module gutentor-container-cover has-image-bg has-custom-bg has-gutentor-overlay g-valign-c-mobile g-valign-c-tablet g-valign-c-desktop wow slideInUp\" data-wow-animation=\"slideInUp\" data-wow-duration=\"1s\" data-wow-iteration=\"1\"><div class=\"grid-container gutentor-rm-ct-space\">\n<div id=\"section-g2ac0dd\" class=\"wp-block-gutentor-e0 section-g2ac0dd gutentor-element gutentor-element-advanced-text text-align-center-mobile\"><div class=\"gutentor-text-wrap\"><p class=\"gutentor-text\">Os melhores benef\u00edcios<\/p><\/div><\/div>\n\n\n\n<div id=\"section-gaa5161\" class=\"wp-block-gutentor-e0 section-gaa5161 gutentor-element gutentor-element-advanced-text text-align-center-mobile\"><div class=\"gutentor-text-wrap\"><p class=\"gutentor-text\">$<strong>4400<\/strong><\/p><\/div><\/div>\n\n\n\n<div id=\"section-gd4a2e8\" class=\"wp-block-gutentor-e0 section-gd4a2e8 gutentor-element gutentor-element-advanced-text text-align-center-mobile\"><div class=\"gutentor-text-wrap\"><p class=\"gutentor-text\"><\/p><\/div><\/div>\n\n\n\n<div id=\"section-g19868c\" class=\"wp-block-gutentor-e2 section-g19868c gutentor-element gutentor-element-button button-align-center-mobile\"><span class=\"gutentor-button-wrap\"><a class=\"gutentor-button gutentor-block-button gutentor-icon-after\" href=\"https:\/\/www.nursing-advisory.com\/pt-br\/producto\/primeiro-pagamento-17-meses-de-certificacao-e-taxa-de-representacao\/\"><i class=\"gutentor-button-icon fas fa-arrow-right\"><\/i><span>Obter agora<\/span><\/a><\/span><\/div>\n<\/div><\/section>\n<\/div><\/div>\n\n\n\n<div id=\"col-gm4de724\" class=\"wp-block-gutentor-m4-col col-gm4de724 gutentor-single-column  grid-lg-9 grid-md-12 grid-12\"><div id=\"section-gm4de724\" class=\"section-gm4de724 gutentor-col-wrap\">\n<div id=\"section-g89f69b\" class=\"wp-block-gutentor-e1 section-g89f69b gutentor-element gutentor-element-advanced-text gutentor-width-enabled wow slideInUp enable-title-design\" data-wow-animation=\"slideInUp\" data-wow-duration=\"1s\"><div class=\"gutentor-text-wrap divider-bottom\"><h2 class=\"gutentor-text\"><em>Com financiamento de 17 meses<\/em><\/h2><div class=\"gutentor-separator gutentor-separator-after border-dashed\"><\/div><\/div><\/div>\n\n\n\n<section id=\"gm466aabd\" class=\"wp-block-gutentor-m2 section-gm466aabd gutentor-module gutentor-dynamic-columns\"><div class=\"grid-container gutentor-rm-ct-space\"><div class=\"grid-row\">\n<div id=\"col-gmf11316\" class=\"wp-block-gutentor-m2-col col-gmf11316 gutentor-module gutentor-dynamic-single-column wow slideInUp grid-lg-6 grid-md-6 grid-12\" data-wow-animation=\"slideInUp\" data-wow-delay=\"0.1s\" data-wow-duration=\"1s\" data-wow-iteration=\"1\"><div id=\"section-gmf11316\" class=\"section-gmf11316 gutentor-single-col\">\n<section id=\"gm7f22a35\" class=\"wp-block-gutentor-m4 section-gm7f22a35 gutentor-module gutentor-advanced-columns\"><div class=\"grid-container gutentor-rm-ct-space\"><div class=\"grid-row\">\n<div id=\"col-gm825250\" class=\"wp-block-gutentor-m4-col col-gm825250 gutentor-single-column  grid-lg-3 grid-md-3 grid-3\"><div id=\"section-gm825250\" class=\"section-gm825250 gutentor-col-wrap\">\n<div id=\"section-g5b347d\" class=\"wp-block-gutentor-e5 section-g5b347d gutentor-element gutentor-element-icon gutentor-icon-default text-align-center-mobile\"><div class=\"gutentor-element-icon-box\"><i class=\"fas fa-check\"><\/i><\/div><\/div>\n<\/div><\/div>\n\n\n\n<div id=\"col-gm21a334\" class=\"wp-block-gutentor-m4-col col-gm21a334 gutentor-single-column  grid-lg-9 grid-md-9 grid-9\"><div id=\"section-gm21a334\" class=\"section-gm21a334 gutentor-col-wrap\">\n<div id=\"section-gd1c74a\" class=\"wp-block-gutentor-e0 section-gd1c74a gutentor-element gutentor-element-advanced-text\"><div class=\"gutentor-text-wrap\"><h3 class=\"gutentor-text\">Verifica\u00e7\u00e3o do t\u00edtulo profissional<\/h3><\/div><\/div>\n\n\n\n<div id=\"section-ga2ee54\" class=\"wp-block-gutentor-e0 section-ga2ee54 gutentor-element gutentor-element-advanced-text\"><div class=\"gutentor-text-wrap\"><p class=\"gutentor-text\">Um (1) comprovante de diploma de enfermagem profissional<\/p><\/div><\/div>\n<\/div><\/div>\n<\/div><\/div><\/section>\n<\/div><\/div>\n\n\n\n<div id=\"col-gm24e304\" class=\"wp-block-gutentor-m2-col col-gm24e304 gutentor-module gutentor-dynamic-single-column wow slideInUp grid-lg-6 grid-md-6 grid-12\" data-wow-animation=\"slideInUp\" data-wow-delay=\"0.2s\" data-wow-duration=\"1s\" data-wow-iteration=\"1\"><div id=\"section-gm24e304\" class=\"section-gm24e304 gutentor-single-col\">\n<section id=\"gm52d3fb7\" class=\"wp-block-gutentor-m4 section-gm52d3fb7 gutentor-module gutentor-advanced-columns\"><div class=\"grid-container gutentor-rm-ct-space\"><div class=\"grid-row\">\n<div id=\"col-gm793dea\" class=\"wp-block-gutentor-m4-col col-gm793dea gutentor-single-column  grid-lg-3 grid-md-3 grid-3\"><div id=\"section-gm793dea\" class=\"section-gm793dea gutentor-col-wrap\">\n<div id=\"section-g299491\" class=\"wp-block-gutentor-e5 section-g299491 gutentor-element gutentor-element-icon gutentor-icon-default text-align-center-mobile\"><div class=\"gutentor-element-icon-box\"><i class=\"fas fa-check\"><\/i><\/div><\/div>\n<\/div><\/div>\n\n\n\n<div id=\"col-gme84424\" class=\"wp-block-gutentor-m4-col col-gme84424 gutentor-single-column  grid-lg-9 grid-md-9 grid-9\"><div id=\"section-gme84424\" class=\"section-gme84424 gutentor-col-wrap\">\n<div id=\"section-g9482a6\" class=\"wp-block-gutentor-e0 section-g9482a6 gutentor-element gutentor-element-advanced-text\"><div class=\"gutentor-text-wrap\"><h3 class=\"gutentor-text\">Tradu\u00e7\u00e3o de t\u00edtulos profissionais<\/h3><\/div><\/div>\n\n\n\n<div id=\"section-g82136c\" class=\"wp-block-gutentor-e0 section-g82136c gutentor-element gutentor-element-advanced-text\"><div class=\"gutentor-text-wrap\"><p class=\"gutentor-text\">Um (1) servi\u00e7o de tradu\u00e7\u00e3o de diplomas profissionais de enfermagem para verifica\u00e7\u00e3o<\/p><\/div><\/div>\n<\/div><\/div>\n<\/div><\/div><\/section>\n<\/div><\/div>\n\n\n\n<div id=\"col-gm482b4c\" class=\"wp-block-gutentor-m2-col col-gm482b4c gutentor-module gutentor-dynamic-single-column wow slideInUp grid-lg-6 grid-md-6 grid-12\" data-wow-animation=\"slideInUp\" data-wow-delay=\"0.3s\" data-wow-duration=\"1s\" data-wow-iteration=\"1\"><div id=\"section-gm482b4c\" class=\"section-gm482b4c gutentor-single-col\">\n<section id=\"gm2a97468\" class=\"wp-block-gutentor-m4 section-gm2a97468 gutentor-module gutentor-advanced-columns\"><div class=\"grid-container gutentor-rm-ct-space\"><div class=\"grid-row\">\n<div id=\"col-gme4fd82\" class=\"wp-block-gutentor-m4-col col-gme4fd82 gutentor-single-column  grid-lg-3 grid-md-3 grid-3\"><div id=\"section-gme4fd82\" class=\"section-gme4fd82 gutentor-col-wrap\">\n<div id=\"section-gc4b69c\" class=\"wp-block-gutentor-e5 section-gc4b69c gutentor-element gutentor-element-icon gutentor-icon-default text-align-center-mobile\"><div class=\"gutentor-element-icon-box\"><i class=\"fas fa-check\"><\/i><\/div><\/div>\n<\/div><\/div>\n\n\n\n<div id=\"col-gme868cb\" class=\"wp-block-gutentor-m4-col col-gme868cb gutentor-single-column  grid-lg-9 grid-md-9 grid-9\"><div id=\"section-gme868cb\" class=\"section-gme868cb gutentor-col-wrap\">\n<div id=\"section-g503691\" class=\"wp-block-gutentor-e0 section-g503691 gutentor-element gutentor-element-advanced-text\"><div class=\"gutentor-text-wrap\"><h3 class=\"gutentor-text\">Certifica\u00e7\u00e3o do Conselho de Enfermagem<\/h3><\/div><\/div>\n\n\n\n<div id=\"section-g3232df\" class=\"wp-block-gutentor-e0 section-g3232df gutentor-element gutentor-element-advanced-text\"><div class=\"gutentor-text-wrap\"><p class=\"gutentor-text\">Um (1) Servi\u00e7o de Certifica\u00e7\u00e3o do Conselho de Enfermagem<\/p><\/div><\/div>\n<\/div><\/div>\n<\/div><\/div><\/section>\n<\/div><\/div>\n\n\n\n<div id=\"col-gmc54780\" class=\"wp-block-gutentor-m2-col col-gmc54780 gutentor-module gutentor-dynamic-single-column wow slideInUp grid-lg-6 grid-md-6 grid-12\" data-wow-animation=\"slideInUp\" data-wow-delay=\"0.4s\" data-wow-duration=\"1s\" data-wow-iteration=\"1\"><div id=\"section-gmc54780\" class=\"section-gmc54780 gutentor-single-col\">\n<section id=\"gm64d6157\" class=\"wp-block-gutentor-m4 section-gm64d6157 gutentor-module gutentor-advanced-columns\"><div class=\"grid-container gutentor-rm-ct-space\"><div class=\"grid-row\">\n<div id=\"col-gm98ae3c\" class=\"wp-block-gutentor-m4-col col-gm98ae3c gutentor-single-column  grid-lg-3 grid-md-3 grid-3\"><div id=\"section-gm98ae3c\" class=\"section-gm98ae3c gutentor-col-wrap\">\n<div id=\"section-g07c0f7\" class=\"wp-block-gutentor-e5 section-g07c0f7 gutentor-element gutentor-element-icon gutentor-icon-default text-align-center-mobile\"><div class=\"gutentor-element-icon-box\"><i class=\"fas fa-check\"><\/i><\/div><\/div>\n<\/div><\/div>\n\n\n\n<div id=\"col-gm0781bf\" class=\"wp-block-gutentor-m4-col col-gm0781bf gutentor-single-column  grid-lg-9 grid-md-9 grid-9\"><div id=\"section-gm0781bf\" class=\"section-gm0781bf gutentor-col-wrap\">\n<div id=\"section-gd5c2e5\" class=\"wp-block-gutentor-e0 section-gd5c2e5 gutentor-element gutentor-element-advanced-text\"><div class=\"gutentor-text-wrap\"><h3 class=\"gutentor-text\">Instituto Nash NCLEX-RN<\/h3><\/div><\/div>\n\n\n\n<div id=\"section-g6a8d4e\" class=\"wp-block-gutentor-e0 section-g6a8d4e gutentor-element gutentor-element-advanced-text\"><div class=\"gutentor-text-wrap\"><p class=\"gutentor-text\">Vinte e quatro (24) semanas de programa de revis\u00e3o bil\u00edngue NCLEX-RN do Nash Institute<\/p><\/div><\/div>\n<\/div><\/div>\n<\/div><\/div><\/section>\n<\/div><\/div>\n\n\n\n<div id=\"col-gm7a64df\" class=\"wp-block-gutentor-m2-col col-gm7a64df gutentor-module gutentor-dynamic-single-column wow slideInUp grid-lg-6 grid-md-6 grid-12\" data-wow-animation=\"slideInUp\" data-wow-delay=\"0.3s\" data-wow-duration=\"1s\" data-wow-iteration=\"1\"><div id=\"section-gm7a64df\" class=\"section-gm7a64df gutentor-single-col\">\n<section id=\"gm955971a\" class=\"wp-block-gutentor-m4 section-gm955971a gutentor-module gutentor-advanced-columns\"><div class=\"grid-container gutentor-rm-ct-space\"><div class=\"grid-row\">\n<div id=\"col-gm5d7b51\" class=\"wp-block-gutentor-m4-col col-gm5d7b51 gutentor-single-column  grid-lg-3 grid-md-3 grid-3\"><div id=\"section-gm5d7b51\" class=\"section-gm5d7b51 gutentor-col-wrap\">\n<div id=\"section-g4e8d48\" class=\"wp-block-gutentor-e5 section-g4e8d48 gutentor-element gutentor-element-icon gutentor-icon-default text-align-center-mobile\"><div class=\"gutentor-element-icon-box\"><i class=\"fas fa-check\"><\/i><\/div><\/div>\n<\/div><\/div>\n\n\n\n<div id=\"col-gm05b924\" class=\"wp-block-gutentor-m4-col col-gm05b924 gutentor-single-column  grid-lg-9 grid-md-9 grid-9\"><div id=\"section-gm05b924\" class=\"section-gm05b924 gutentor-col-wrap\">\n<div id=\"section-g29ddea\" class=\"wp-block-gutentor-e0 section-g29ddea gutentor-element gutentor-element-advanced-text\"><div class=\"gutentor-text-wrap\"><h3 class=\"gutentor-text\">Programa de revis\u00e3o do NCLEX-RN do Nash Institute Somente em ingl\u00eas<\/h3><\/div><\/div>\n\n\n\n<div id=\"section-g8ed785\" class=\"wp-block-gutentor-e0 section-g8ed785 gutentor-element gutentor-element-advanced-text\"><div class=\"gutentor-text-wrap\"><p class=\"gutentor-text\">Programa de revis\u00e3o do Nash Institute NCLEX-RN de 24 (vinte e quatro) semanas, somente em ingl\u00eas<\/p><\/div><\/div>\n<\/div><\/div>\n<\/div><\/div><\/section>\n<\/div><\/div>\n\n\n\n<div id=\"col-gm04667d\" class=\"wp-block-gutentor-m2-col col-gm04667d gutentor-module gutentor-dynamic-single-column wow slideInUp grid-lg-6 grid-md-6 grid-12\" data-wow-animation=\"slideInUp\" data-wow-delay=\"0.3s\" data-wow-duration=\"1s\" data-wow-iteration=\"1\"><div id=\"section-gm04667d\" class=\"section-gm04667d gutentor-single-col\">\n<section id=\"gmb354cab\" class=\"wp-block-gutentor-m4 section-gmb354cab gutentor-module gutentor-advanced-columns\"><div class=\"grid-container gutentor-rm-ct-space\"><div class=\"grid-row\">\n<div id=\"col-gm68ad26\" class=\"wp-block-gutentor-m4-col col-gm68ad26 gutentor-single-column  grid-lg-3 grid-md-3 grid-3\"><div id=\"section-gm68ad26\" class=\"section-gm68ad26 gutentor-col-wrap\">\n<div id=\"section-g2d7685\" class=\"wp-block-gutentor-e5 section-g2d7685 gutentor-element gutentor-element-icon gutentor-icon-default text-align-center-mobile\"><div class=\"gutentor-element-icon-box\"><i class=\"fas fa-check\"><\/i><\/div><\/div>\n<\/div><\/div>\n\n\n\n<div id=\"col-gme39d30\" class=\"wp-block-gutentor-m4-col col-gme39d30 gutentor-single-column  grid-lg-9 grid-md-9 grid-9\"><div id=\"section-gme39d30\" class=\"section-gme39d30 gutentor-col-wrap\">\n<div id=\"section-g575f86\" class=\"wp-block-gutentor-e0 section-g575f86 gutentor-element gutentor-element-advanced-text\"><div class=\"gutentor-text-wrap\"><h3 class=\"gutentor-text\"> ArcherReview\u2122<\/h3><\/div><\/div>\n\n\n\n<div id=\"section-gf6021c\" class=\"wp-block-gutentor-e0 section-gf6021c gutentor-element gutentor-element-advanced-text\"><div class=\"gutentor-text-wrap\"><p class=\"gutentor-text\">Um (1) ano de ArcherReview\u2122 Next-Gen NCLEX RN Rapid Review Combo OnDemand + Qbank<\/p><\/div><\/div>\n<\/div><\/div>\n<\/div><\/div><\/section>\n<\/div><\/div>\n\n\n\n<div id=\"col-gmfa7214\" class=\"wp-block-gutentor-m2-col col-gmfa7214 gutentor-module gutentor-dynamic-single-column wow slideInUp grid-lg-6 grid-md-6 grid-12\" data-wow-animation=\"slideInUp\" data-wow-delay=\"0.3s\" data-wow-duration=\"1s\" data-wow-iteration=\"1\"><div id=\"section-gmfa7214\" class=\"section-gmfa7214 gutentor-single-col\">\n<section id=\"gm62dc1a4\" class=\"wp-block-gutentor-m4 section-gm62dc1a4 gutentor-module gutentor-advanced-columns\"><div class=\"grid-container gutentor-rm-ct-space\"><div class=\"grid-row\">\n<div id=\"col-gm193495\" class=\"wp-block-gutentor-m4-col col-gm193495 gutentor-single-column  grid-lg-3 grid-md-3 grid-3\"><div id=\"section-gm193495\" class=\"section-gm193495 gutentor-col-wrap\">\n<div id=\"section-ge02cfc\" class=\"wp-block-gutentor-e5 section-ge02cfc gutentor-element gutentor-element-icon gutentor-icon-default text-align-center-mobile\"><div class=\"gutentor-element-icon-box\"><i class=\"fas fa-check\"><\/i><\/div><\/div>\n<\/div><\/div>\n\n\n\n<div id=\"col-gm0d2fb1\" class=\"wp-block-gutentor-m4-col col-gm0d2fb1 gutentor-single-column  grid-lg-9 grid-md-9 grid-9\"><div id=\"section-gm0d2fb1\" class=\"section-gm0d2fb1 gutentor-col-wrap\">\n<div id=\"section-g59083e\" class=\"wp-block-gutentor-e0 section-g59083e gutentor-element gutentor-element-advanced-text\"><div class=\"gutentor-text-wrap\"><h3 class=\"gutentor-text\">Revis\u00e3o abrangente da Saunders<\/h3><\/div><\/div>\n\n\n\n<div id=\"section-g038741\" class=\"wp-block-gutentor-e0 section-g038741 gutentor-element gutentor-element-advanced-text\"><div class=\"gutentor-text-wrap\"><p class=\"gutentor-text\">Uma (1) vers\u00e3o da Web do Saunders Comprehensive Review for the NCLEX-RN\u00ae Examination<\/p><\/div><\/div>\n<\/div><\/div>\n<\/div><\/div><\/section>\n<\/div><\/div>\n\n\n\n<div id=\"col-gm04dcc0\" class=\"wp-block-gutentor-m2-col col-gm04dcc0 gutentor-module gutentor-dynamic-single-column wow slideInUp grid-lg-6 grid-md-6 grid-12\" data-wow-animation=\"slideInUp\" data-wow-delay=\"0.3s\" data-wow-duration=\"1s\" data-wow-iteration=\"1\"><div id=\"section-gm04dcc0\" class=\"section-gm04dcc0 gutentor-single-col\">\n<section id=\"gm4c1d126\" class=\"wp-block-gutentor-m4 section-gm4c1d126 gutentor-module gutentor-advanced-columns\"><div class=\"grid-container gutentor-rm-ct-space\"><div class=\"grid-row\">\n<div id=\"col-gmd3807d\" class=\"wp-block-gutentor-m4-col col-gmd3807d gutentor-single-column  grid-lg-3 grid-md-3 grid-3\"><div id=\"section-gmd3807d\" class=\"section-gmd3807d gutentor-col-wrap\">\n<div id=\"section-gf6cc36\" class=\"wp-block-gutentor-e5 section-gf6cc36 gutentor-element gutentor-element-icon gutentor-icon-default text-align-center-mobile\"><div class=\"gutentor-element-icon-box\"><i class=\"fas fa-check\"><\/i><\/div><\/div>\n<\/div><\/div>\n\n\n\n<div id=\"col-gmdad37b\" class=\"wp-block-gutentor-m4-col col-gmdad37b gutentor-single-column  grid-lg-9 grid-md-9 grid-9\"><div id=\"section-gmdad37b\" class=\"section-gmdad37b gutentor-col-wrap\">\n<div id=\"section-g2b3f29\" class=\"wp-block-gutentor-e0 section-g2b3f29 gutentor-element gutentor-element-advanced-text\"><div class=\"gutentor-text-wrap\"><h3 class=\"gutentor-text\">Teste do exame NCLEX-RN<\/h3><\/div><\/div>\n\n\n\n<div id=\"section-gf9bd38\" class=\"wp-block-gutentor-e0 section-gf9bd38 gutentor-element gutentor-element-advanced-text\"><div class=\"gutentor-text-wrap\"><p class=\"gutentor-text\">Uma (1) prova do exame NCLEX-RN<\/p><\/div><\/div>\n<\/div><\/div>\n<\/div><\/div><\/section>\n<\/div><\/div>\n\n\n\n<div id=\"col-gm2f9567\" class=\"wp-block-gutentor-m2-col col-gm2f9567 gutentor-module gutentor-dynamic-single-column wow slideInUp grid-lg-6 grid-md-6 grid-12\" data-wow-animation=\"slideInUp\" data-wow-delay=\"0.3s\" data-wow-duration=\"1s\" data-wow-iteration=\"1\"><div id=\"section-gm2f9567\" class=\"section-gm2f9567 gutentor-single-col\">\n<section id=\"gmdbc4916\" class=\"wp-block-gutentor-m4 section-gmdbc4916 gutentor-module gutentor-advanced-columns\"><div class=\"grid-container gutentor-rm-ct-space\"><div class=\"grid-row\">\n<div id=\"col-gm4370d0\" class=\"wp-block-gutentor-m4-col col-gm4370d0 gutentor-single-column  grid-lg-3 grid-md-3 grid-3\"><div id=\"section-gm4370d0\" class=\"section-gm4370d0 gutentor-col-wrap\">\n<div id=\"section-gafea19\" class=\"wp-block-gutentor-e5 section-gafea19 gutentor-element gutentor-element-icon gutentor-icon-default text-align-center-mobile\"><div class=\"gutentor-element-icon-box\"><i class=\"fas fa-check\"><\/i><\/div><\/div>\n<\/div><\/div>\n\n\n\n<div id=\"col-gm1453e2\" class=\"wp-block-gutentor-m4-col col-gm1453e2 gutentor-single-column  grid-lg-9 grid-md-9 grid-9\"><div id=\"section-gm1453e2\" class=\"section-gm1453e2 gutentor-col-wrap\">\n<div id=\"section-gd7c9a8\" class=\"wp-block-gutentor-e0 section-gd7c9a8 gutentor-element gutentor-element-advanced-text\"><div class=\"gutentor-text-wrap\"><h3 class=\"gutentor-text\">Servi\u00e7os de consultoria<\/h3><\/div><\/div>\n\n\n\n<div id=\"section-gdf9d66\" class=\"wp-block-gutentor-e0 section-gdf9d66 gutentor-element gutentor-element-advanced-text\"><div class=\"gutentor-text-wrap\"><p class=\"gutentor-text\">Servi\u00e7os de consultoria<\/p><\/div><\/div>\n<\/div><\/div>\n<\/div><\/div><\/section>\n<\/div><\/div>\n<\/div><\/div><\/section>\n<\/div><\/div>\n<\/div><\/div><\/section>\n","protected":false},"excerpt":{"rendered":"","protected":false},"author":1,"featured_media":0,"parent":0,"menu_order":0,"comment_status":"closed","ping_status":"closed","template":"","meta":{"_eb_attr":"","_monsterinsights_skip_tracking":false,"_monsterinsights_sitenote_active":false,"_monsterinsights_sitenote_note":"","_monsterinsights_sitenote_category":0,"footnotes":""},"class_list":["post-8152","page","type-page","status-publish","hentry"],"_links":{"self":[{"href":"https:\/\/www.nursing-advisory.com\/pt-br\/wp-json\/wp\/v2\/pages\/8152","targetHints":{"allow":["GET"]}}],"collection":[{"href":"https:\/\/www.nursing-advisory.com\/pt-br\/wp-json\/wp\/v2\/pages"}],"about":[{"href":"https:\/\/www.nursing-advisory.com\/pt-br\/wp-json\/wp\/v2\/types\/page"}],"author":[{"embeddable":true,"href":"https:\/\/www.nursing-advisory.com\/pt-br\/wp-json\/wp\/v2\/users\/1"}],"replies":[{"embeddable":true,"href":"https:\/\/www.nursing-advisory.com\/pt-br\/wp-json\/wp\/v2\/comments?post=8152"}],"version-history":[{"count":4,"href":"https:\/\/www.nursing-advisory.com\/pt-br\/wp-json\/wp\/v2\/pages\/8152\/revisions"}],"predecessor-version":[{"id":8329,"href":"https:\/\/www.nursing-advisory.com\/pt-br\/wp-json\/wp\/v2\/pages\/8152\/revisions\/8329"}],"wp:attachment":[{"href":"https:\/\/www.nursing-advisory.com\/pt-br\/wp-json\/wp\/v2\/media?parent=8152"}],"curies":[{"name":"wp","href":"https:\/\/api.w.org\/{rel}","templated":true}]}}