{"id":8160,"date":"2024-10-01T09:28:33","date_gmt":"2024-10-01T14:28:33","guid":{"rendered":"https:\/\/www.nursing-advisory.com\/?page_id=8160"},"modified":"2024-10-01T10:19:07","modified_gmt":"2024-10-01T15:19:07","slug":"servico-completo-sem-ingles-dinheiro-na-entrega-2","status":"publish","type":"page","link":"https:\/\/www.nursing-advisory.com\/pt-br\/servico-completo-sem-ingles-dinheiro-na-entrega-2\/","title":{"rendered":"Servi\u00e7o completo Sem ingl\u00eas Dinheiro na entrega"},"content":{"rendered":"\n<section id=\"gm73cf7df\" class=\"wp-block-gutentor-m4 section-gm73cf7df gutentor-module gutentor-advanced-columns has-color-bg has-custom-bg\"><div class=\"grid-container\"><div class=\"grid-row\">\n<div id=\"col-gm92d8f8\" class=\"wp-block-gutentor-m4-col col-gm92d8f8 gutentor-single-column  grid-lg-3 grid-md-12 grid-12\"><div id=\"section-gm92d8f8\" class=\"section-gm92d8f8 gutentor-col-wrap\">\n<section id=\"gme649bd5\" class=\"wp-block-gutentor-m3 section-gme649bd5 gutentor-module gutentor-container-cover has-image-bg has-custom-bg has-gutentor-overlay g-valign-c-mobile g-valign-c-tablet g-valign-c-desktop wow slideInUp\" data-wow-animation=\"slideInUp\" data-wow-duration=\"1s\" data-wow-iteration=\"1\"><div class=\"grid-container gutentor-rm-ct-space\">\n<div id=\"section-g681525\" class=\"wp-block-gutentor-e0 section-g681525 gutentor-element gutentor-element-advanced-text text-align-center-mobile\"><div class=\"gutentor-text-wrap\"><p class=\"gutentor-text\">Os melhores benef\u00edcios<\/p><\/div><\/div>\n\n\n\n<div id=\"section-g56a770\" class=\"wp-block-gutentor-e0 section-g56a770 gutentor-element gutentor-element-advanced-text text-align-center-mobile\"><div class=\"gutentor-text-wrap\"><p class=\"gutentor-text\">$<strong>3700<\/strong><\/p><\/div><\/div>\n\n\n\n<div id=\"section-ga90fee\" class=\"wp-block-gutentor-e0 section-ga90fee gutentor-element gutentor-element-advanced-text text-align-center-mobile\"><div class=\"gutentor-text-wrap\"><p class=\"gutentor-text\"><\/p><\/div><\/div>\n\n\n\n<div id=\"section-gb3d7fe\" class=\"wp-block-gutentor-e2 section-gb3d7fe gutentor-element gutentor-element-button button-align-center-mobile\"><span class=\"gutentor-button-wrap\"><a class=\"gutentor-button gutentor-block-button gutentor-icon-after\" href=\"https:\/\/www.nursing-advisory.com\/pt-br\/producto\/servico-sem-ingles-3700\/\"><i class=\"gutentor-button-icon fas fa-arrow-right\"><\/i><span>Obter agora<\/span><\/a><\/span><\/div>\n<\/div><\/section>\n<\/div><\/div>\n\n\n\n<div id=\"col-gmd27402\" class=\"wp-block-gutentor-m4-col col-gmd27402 gutentor-single-column  grid-lg-9 grid-md-12 grid-12\"><div id=\"section-gmd27402\" class=\"section-gmd27402 gutentor-col-wrap\">\n<div id=\"section-gaa1c3a\" class=\"wp-block-gutentor-e1 section-gaa1c3a gutentor-element gutentor-element-advanced-text gutentor-width-enabled wow slideInUp enable-title-design\" data-wow-animation=\"slideInUp\" data-wow-duration=\"1s\"><div class=\"gutentor-text-wrap divider-bottom\"><h2 class=\"gutentor-text\">Pagamento em dinheiro<\/h2><div class=\"gutentor-separator gutentor-separator-after border-dashed\"><\/div><\/div><\/div>\n\n\n\n<section id=\"gm72d2c8a\" class=\"wp-block-gutentor-m2 section-gm72d2c8a gutentor-module gutentor-dynamic-columns\"><div class=\"grid-container gutentor-rm-ct-space\"><div class=\"grid-row\">\n<div id=\"col-gm92a888\" class=\"wp-block-gutentor-m2-col col-gm92a888 gutentor-module gutentor-dynamic-single-column wow slideInUp grid-lg-6 grid-md-6 grid-12\" data-wow-animation=\"slideInUp\" data-wow-delay=\"0.1s\" data-wow-duration=\"1s\" data-wow-iteration=\"1\"><div id=\"section-gm92a888\" class=\"section-gm92a888 gutentor-single-col\">\n<section id=\"gm3a67ef2\" class=\"wp-block-gutentor-m4 section-gm3a67ef2 gutentor-module gutentor-advanced-columns\"><div class=\"grid-container gutentor-rm-ct-space\"><div class=\"grid-row\">\n<div id=\"col-gma22dde\" class=\"wp-block-gutentor-m4-col col-gma22dde gutentor-single-column  grid-lg-3 grid-md-3 grid-3\"><div id=\"section-gma22dde\" class=\"section-gma22dde gutentor-col-wrap\">\n<div id=\"section-g964550\" class=\"wp-block-gutentor-e5 section-g964550 gutentor-element gutentor-element-icon gutentor-icon-default text-align-center-mobile\"><div class=\"gutentor-element-icon-box\"><i class=\"fas fa-check\"><\/i><\/div><\/div>\n<\/div><\/div>\n\n\n\n<div id=\"col-gm50585a\" class=\"wp-block-gutentor-m4-col col-gm50585a gutentor-single-column  grid-lg-9 grid-md-9 grid-9\"><div id=\"section-gm50585a\" class=\"section-gm50585a gutentor-col-wrap\">\n<div id=\"section-g02236d\" class=\"wp-block-gutentor-e0 section-g02236d gutentor-element gutentor-element-advanced-text\"><div class=\"gutentor-text-wrap\"><h3 class=\"gutentor-text\">Verifica\u00e7\u00e3o do t\u00edtulo profissional<\/h3><\/div><\/div>\n\n\n\n<div id=\"section-g4adc9d\" class=\"wp-block-gutentor-e0 section-g4adc9d gutentor-element gutentor-element-advanced-text\"><div class=\"gutentor-text-wrap\"><p class=\"gutentor-text\">Um (1) comprovante de diploma de enfermagem profissional<\/p><\/div><\/div>\n<\/div><\/div>\n<\/div><\/div><\/section>\n<\/div><\/div>\n\n\n\n<div id=\"col-gm3bac1e\" class=\"wp-block-gutentor-m2-col col-gm3bac1e gutentor-module gutentor-dynamic-single-column wow slideInUp grid-lg-6 grid-md-6 grid-12\" data-wow-animation=\"slideInUp\" data-wow-delay=\"0.2s\" data-wow-duration=\"1s\" data-wow-iteration=\"1\"><div id=\"section-gm3bac1e\" class=\"section-gm3bac1e gutentor-single-col\">\n<section id=\"gmc143aaa\" class=\"wp-block-gutentor-m4 section-gmc143aaa gutentor-module gutentor-advanced-columns\"><div class=\"grid-container gutentor-rm-ct-space\"><div class=\"grid-row\">\n<div id=\"col-gm985efa\" class=\"wp-block-gutentor-m4-col col-gm985efa gutentor-single-column  grid-lg-3 grid-md-3 grid-3\"><div id=\"section-gm985efa\" class=\"section-gm985efa gutentor-col-wrap\">\n<div id=\"section-g60dd8c\" class=\"wp-block-gutentor-e5 section-g60dd8c gutentor-element gutentor-element-icon gutentor-icon-default text-align-center-mobile\"><div class=\"gutentor-element-icon-box\"><i class=\"fas fa-check\"><\/i><\/div><\/div>\n<\/div><\/div>\n\n\n\n<div id=\"col-gm8f5fdc\" class=\"wp-block-gutentor-m4-col col-gm8f5fdc gutentor-single-column  grid-lg-9 grid-md-9 grid-9\"><div id=\"section-gm8f5fdc\" class=\"section-gm8f5fdc gutentor-col-wrap\">\n<div id=\"section-gfc5d78\" class=\"wp-block-gutentor-e0 section-gfc5d78 gutentor-element gutentor-element-advanced-text\"><div class=\"gutentor-text-wrap\"><h3 class=\"gutentor-text\">Tradu\u00e7\u00e3o de t\u00edtulos profissionais<\/h3><\/div><\/div>\n\n\n\n<div id=\"section-g54e8af\" class=\"wp-block-gutentor-e0 section-g54e8af gutentor-element gutentor-element-advanced-text\"><div class=\"gutentor-text-wrap\"><p class=\"gutentor-text\">Um (1) servi\u00e7o de tradu\u00e7\u00e3o de diplomas profissionais de enfermagem para verifica\u00e7\u00e3o<\/p><\/div><\/div>\n<\/div><\/div>\n<\/div><\/div><\/section>\n<\/div><\/div>\n\n\n\n<div id=\"col-gm886c5a\" class=\"wp-block-gutentor-m2-col col-gm886c5a gutentor-module gutentor-dynamic-single-column wow slideInUp grid-lg-6 grid-md-6 grid-12\" data-wow-animation=\"slideInUp\" data-wow-delay=\"0.3s\" data-wow-duration=\"1s\" data-wow-iteration=\"1\"><div id=\"section-gm886c5a\" class=\"section-gm886c5a gutentor-single-col\">\n<section id=\"gm9c370ea\" class=\"wp-block-gutentor-m4 section-gm9c370ea gutentor-module gutentor-advanced-columns\"><div class=\"grid-container gutentor-rm-ct-space\"><div class=\"grid-row\">\n<div id=\"col-gmfde7f9\" class=\"wp-block-gutentor-m4-col col-gmfde7f9 gutentor-single-column  grid-lg-3 grid-md-3 grid-3\"><div id=\"section-gmfde7f9\" class=\"section-gmfde7f9 gutentor-col-wrap\">\n<div id=\"section-gdd73a0\" class=\"wp-block-gutentor-e5 section-gdd73a0 gutentor-element gutentor-element-icon gutentor-icon-default text-align-center-mobile\"><div class=\"gutentor-element-icon-box\"><i class=\"fas fa-check\"><\/i><\/div><\/div>\n<\/div><\/div>\n\n\n\n<div id=\"col-gm2973d0\" class=\"wp-block-gutentor-m4-col col-gm2973d0 gutentor-single-column  grid-lg-9 grid-md-9 grid-9\"><div id=\"section-gm2973d0\" class=\"section-gm2973d0 gutentor-col-wrap\">\n<div id=\"section-g29dce6\" class=\"wp-block-gutentor-e0 section-g29dce6 gutentor-element gutentor-element-advanced-text\"><div class=\"gutentor-text-wrap\"><h3 class=\"gutentor-text\">Certifica\u00e7\u00e3o do Conselho de Enfermagem<\/h3><\/div><\/div>\n\n\n\n<div id=\"section-g401e4f\" class=\"wp-block-gutentor-e0 section-g401e4f gutentor-element gutentor-element-advanced-text\"><div class=\"gutentor-text-wrap\"><p class=\"gutentor-text\">Um (1) Servi\u00e7o de Certifica\u00e7\u00e3o do Conselho de Enfermagem<\/p><\/div><\/div>\n<\/div><\/div>\n<\/div><\/div><\/section>\n<\/div><\/div>\n\n\n\n<div id=\"col-gm8cb027\" class=\"wp-block-gutentor-m2-col col-gm8cb027 gutentor-module gutentor-dynamic-single-column wow slideInUp grid-lg-6 grid-md-6 grid-12\" data-wow-animation=\"slideInUp\" data-wow-delay=\"0.4s\" data-wow-duration=\"1s\" data-wow-iteration=\"1\"><div id=\"section-gm8cb027\" class=\"section-gm8cb027 gutentor-single-col\">\n<section id=\"gm8bce96f\" class=\"wp-block-gutentor-m4 section-gm8bce96f gutentor-module gutentor-advanced-columns\"><div class=\"grid-container gutentor-rm-ct-space\"><div class=\"grid-row\">\n<div id=\"col-gmc5d3a0\" class=\"wp-block-gutentor-m4-col col-gmc5d3a0 gutentor-single-column  grid-lg-3 grid-md-3 grid-3\"><div id=\"section-gmc5d3a0\" class=\"section-gmc5d3a0 gutentor-col-wrap\">\n<div id=\"section-gede3a3\" class=\"wp-block-gutentor-e5 section-gede3a3 gutentor-element gutentor-element-icon gutentor-icon-default text-align-center-mobile\"><div class=\"gutentor-element-icon-box\"><i class=\"fas fa-check\"><\/i><\/div><\/div>\n<\/div><\/div>\n\n\n\n<div id=\"col-gm8aae45\" class=\"wp-block-gutentor-m4-col col-gm8aae45 gutentor-single-column  grid-lg-9 grid-md-9 grid-9\"><div id=\"section-gm8aae45\" class=\"section-gm8aae45 gutentor-col-wrap\">\n<div id=\"section-g960b09\" class=\"wp-block-gutentor-e0 section-g960b09 gutentor-element gutentor-element-advanced-text\"><div class=\"gutentor-text-wrap\"><h3 class=\"gutentor-text\">Instituto Nash NCLEX-RN<\/h3><\/div><\/div>\n\n\n\n<div id=\"section-g9a005c\" class=\"wp-block-gutentor-e0 section-g9a005c gutentor-element gutentor-element-advanced-text\"><div class=\"gutentor-text-wrap\"><p class=\"gutentor-text\">Vinte e quatro (24) semanas de programa de revis\u00e3o bil\u00edngue NCLEX-RN do Nash Institute<\/p><\/div><\/div>\n<\/div><\/div>\n<\/div><\/div><\/section>\n<\/div><\/div>\n\n\n\n<div id=\"col-gmca44bf\" class=\"wp-block-gutentor-m2-col col-gmca44bf gutentor-module gutentor-dynamic-single-column wow slideInUp grid-lg-6 grid-md-6 grid-12\" data-wow-animation=\"slideInUp\" data-wow-delay=\"0.3s\" data-wow-duration=\"1s\" data-wow-iteration=\"1\"><div id=\"section-gmca44bf\" class=\"section-gmca44bf gutentor-single-col\">\n<section id=\"gma9b1429\" class=\"wp-block-gutentor-m4 section-gma9b1429 gutentor-module gutentor-advanced-columns\"><div class=\"grid-container gutentor-rm-ct-space\"><div class=\"grid-row\">\n<div id=\"col-gm1c93a4\" class=\"wp-block-gutentor-m4-col col-gm1c93a4 gutentor-single-column  grid-lg-3 grid-md-3 grid-3\"><div id=\"section-gm1c93a4\" class=\"section-gm1c93a4 gutentor-col-wrap\">\n<div id=\"section-g6e5531\" class=\"wp-block-gutentor-e5 section-g6e5531 gutentor-element gutentor-element-icon gutentor-icon-default text-align-center-mobile\"><div class=\"gutentor-element-icon-box\"><i class=\"fas fa-check\"><\/i><\/div><\/div>\n<\/div><\/div>\n\n\n\n<div id=\"col-gm03b81d\" class=\"wp-block-gutentor-m4-col col-gm03b81d gutentor-single-column  grid-lg-9 grid-md-9 grid-9\"><div id=\"section-gm03b81d\" class=\"section-gm03b81d gutentor-col-wrap\">\n<div id=\"section-g7158f4\" class=\"wp-block-gutentor-e0 section-g7158f4 gutentor-element gutentor-element-advanced-text\"><div class=\"gutentor-text-wrap\"><h3 class=\"gutentor-text\">Programa de revis\u00e3o do NCLEX-RN do Nash Institute Somente em ingl\u00eas<\/h3><\/div><\/div>\n\n\n\n<div id=\"section-gef6134\" class=\"wp-block-gutentor-e0 section-gef6134 gutentor-element gutentor-element-advanced-text\"><div class=\"gutentor-text-wrap\"><p class=\"gutentor-text\">Programa de revis\u00e3o do Nash Institute NCLEX-RN de 24 (vinte e quatro) semanas, somente em ingl\u00eas<\/p><\/div><\/div>\n<\/div><\/div>\n<\/div><\/div><\/section>\n<\/div><\/div>\n\n\n\n<div id=\"col-gm25e002\" class=\"wp-block-gutentor-m2-col col-gm25e002 gutentor-module gutentor-dynamic-single-column wow slideInUp grid-lg-6 grid-md-6 grid-12\" data-wow-animation=\"slideInUp\" data-wow-delay=\"0.3s\" data-wow-duration=\"1s\" data-wow-iteration=\"1\"><div id=\"section-gm25e002\" class=\"section-gm25e002 gutentor-single-col\">\n<section id=\"gm30c2192\" class=\"wp-block-gutentor-m4 section-gm30c2192 gutentor-module gutentor-advanced-columns\"><div class=\"grid-container gutentor-rm-ct-space\"><div class=\"grid-row\">\n<div id=\"col-gmec10e9\" class=\"wp-block-gutentor-m4-col col-gmec10e9 gutentor-single-column  grid-lg-3 grid-md-3 grid-3\"><div id=\"section-gmec10e9\" class=\"section-gmec10e9 gutentor-col-wrap\">\n<div id=\"section-gc7107c\" class=\"wp-block-gutentor-e5 section-gc7107c gutentor-element gutentor-element-icon gutentor-icon-default text-align-center-mobile\"><div class=\"gutentor-element-icon-box\"><i class=\"fas fa-check\"><\/i><\/div><\/div>\n<\/div><\/div>\n\n\n\n<div id=\"col-gm091c6d\" class=\"wp-block-gutentor-m4-col col-gm091c6d gutentor-single-column  grid-lg-9 grid-md-9 grid-9\"><div id=\"section-gm091c6d\" class=\"section-gm091c6d gutentor-col-wrap\">\n<div id=\"section-g4faa3d\" class=\"wp-block-gutentor-e0 section-g4faa3d gutentor-element gutentor-element-advanced-text\"><div class=\"gutentor-text-wrap\"><h3 class=\"gutentor-text\"> ArcherReview\u2122<\/h3><\/div><\/div>\n\n\n\n<div id=\"section-gc97bb8\" class=\"wp-block-gutentor-e0 section-gc97bb8 gutentor-element gutentor-element-advanced-text\"><div class=\"gutentor-text-wrap\"><p class=\"gutentor-text\">Um (1) ano de ArcherReview\u2122 Next-Gen NCLEX RN Rapid Review Combo OnDemand + Qbank<\/p><\/div><\/div>\n<\/div><\/div>\n<\/div><\/div><\/section>\n<\/div><\/div>\n\n\n\n<div id=\"col-gm89a6b7\" class=\"wp-block-gutentor-m2-col col-gm89a6b7 gutentor-module gutentor-dynamic-single-column wow slideInUp grid-lg-6 grid-md-6 grid-12\" data-wow-animation=\"slideInUp\" data-wow-delay=\"0.3s\" data-wow-duration=\"1s\" data-wow-iteration=\"1\"><div id=\"section-gm89a6b7\" class=\"section-gm89a6b7 gutentor-single-col\">\n<section id=\"gm1789df4\" class=\"wp-block-gutentor-m4 section-gm1789df4 gutentor-module gutentor-advanced-columns\"><div class=\"grid-container gutentor-rm-ct-space\"><div class=\"grid-row\">\n<div id=\"col-gm66a184\" class=\"wp-block-gutentor-m4-col col-gm66a184 gutentor-single-column  grid-lg-3 grid-md-3 grid-3\"><div id=\"section-gm66a184\" class=\"section-gm66a184 gutentor-col-wrap\">\n<div id=\"section-g55ca9b\" class=\"wp-block-gutentor-e5 section-g55ca9b gutentor-element gutentor-element-icon gutentor-icon-default text-align-center-mobile\"><div class=\"gutentor-element-icon-box\"><i class=\"fas fa-check\"><\/i><\/div><\/div>\n<\/div><\/div>\n\n\n\n<div id=\"col-gm9cd106\" class=\"wp-block-gutentor-m4-col col-gm9cd106 gutentor-single-column  grid-lg-9 grid-md-9 grid-9\"><div id=\"section-gm9cd106\" class=\"section-gm9cd106 gutentor-col-wrap\">\n<div id=\"section-g1eea63\" class=\"wp-block-gutentor-e0 section-g1eea63 gutentor-element gutentor-element-advanced-text\"><div class=\"gutentor-text-wrap\"><h3 class=\"gutentor-text\">Revis\u00e3o abrangente da Saunders<\/h3><\/div><\/div>\n\n\n\n<div id=\"section-ge808fe\" class=\"wp-block-gutentor-e0 section-ge808fe gutentor-element gutentor-element-advanced-text\"><div class=\"gutentor-text-wrap\"><p class=\"gutentor-text\">Uma (1) vers\u00e3o da Web do Saunders Comprehensive Review for the NCLEX-RN\u00ae Examination<\/p><\/div><\/div>\n<\/div><\/div>\n<\/div><\/div><\/section>\n<\/div><\/div>\n\n\n\n<div id=\"col-gm85d7e6\" class=\"wp-block-gutentor-m2-col col-gm85d7e6 gutentor-module gutentor-dynamic-single-column wow slideInUp grid-lg-6 grid-md-6 grid-12\" data-wow-animation=\"slideInUp\" data-wow-delay=\"0.3s\" data-wow-duration=\"1s\" data-wow-iteration=\"1\"><div id=\"section-gm85d7e6\" class=\"section-gm85d7e6 gutentor-single-col\">\n<section id=\"gm6c3dec7\" class=\"wp-block-gutentor-m4 section-gm6c3dec7 gutentor-module gutentor-advanced-columns\"><div class=\"grid-container gutentor-rm-ct-space\"><div class=\"grid-row\">\n<div id=\"col-gm9bf85c\" class=\"wp-block-gutentor-m4-col col-gm9bf85c gutentor-single-column  grid-lg-3 grid-md-3 grid-3\"><div id=\"section-gm9bf85c\" class=\"section-gm9bf85c gutentor-col-wrap\">\n<div id=\"section-g5aa85c\" class=\"wp-block-gutentor-e5 section-g5aa85c gutentor-element gutentor-element-icon gutentor-icon-default text-align-center-mobile\"><div class=\"gutentor-element-icon-box\"><i class=\"fas fa-check\"><\/i><\/div><\/div>\n<\/div><\/div>\n\n\n\n<div id=\"col-gmec217f\" class=\"wp-block-gutentor-m4-col col-gmec217f gutentor-single-column  grid-lg-9 grid-md-9 grid-9\"><div id=\"section-gmec217f\" class=\"section-gmec217f gutentor-col-wrap\">\n<div id=\"section-g894c10\" class=\"wp-block-gutentor-e0 section-g894c10 gutentor-element gutentor-element-advanced-text\"><div class=\"gutentor-text-wrap\"><h3 class=\"gutentor-text\">Teste do exame NCLEX-RN<\/h3><\/div><\/div>\n\n\n\n<div id=\"section-gb692d9\" class=\"wp-block-gutentor-e0 section-gb692d9 gutentor-element gutentor-element-advanced-text\"><div class=\"gutentor-text-wrap\"><p class=\"gutentor-text\">Uma (1) prova do exame NCLEX-RN<\/p><\/div><\/div>\n<\/div><\/div>\n<\/div><\/div><\/section>\n<\/div><\/div>\n\n\n\n<div id=\"col-gm0c8513\" class=\"wp-block-gutentor-m2-col col-gm0c8513 gutentor-module gutentor-dynamic-single-column wow slideInUp grid-lg-6 grid-md-6 grid-12\" data-wow-animation=\"slideInUp\" data-wow-delay=\"0.3s\" data-wow-duration=\"1s\" data-wow-iteration=\"1\"><div id=\"section-gm0c8513\" class=\"section-gm0c8513 gutentor-single-col\">\n<section id=\"gm8388e31\" class=\"wp-block-gutentor-m4 section-gm8388e31 gutentor-module gutentor-advanced-columns\"><div class=\"grid-container gutentor-rm-ct-space\"><div class=\"grid-row\">\n<div id=\"col-gm9de8bd\" class=\"wp-block-gutentor-m4-col col-gm9de8bd gutentor-single-column  grid-lg-3 grid-md-3 grid-3\"><div id=\"section-gm9de8bd\" class=\"section-gm9de8bd gutentor-col-wrap\">\n<div id=\"section-geae7b9\" class=\"wp-block-gutentor-e5 section-geae7b9 gutentor-element gutentor-element-icon gutentor-icon-default text-align-center-mobile\"><div class=\"gutentor-element-icon-box\"><i class=\"fas fa-check\"><\/i><\/div><\/div>\n<\/div><\/div>\n\n\n\n<div id=\"col-gm79f3a2\" class=\"wp-block-gutentor-m4-col col-gm79f3a2 gutentor-single-column  grid-lg-9 grid-md-9 grid-9\"><div id=\"section-gm79f3a2\" class=\"section-gm79f3a2 gutentor-col-wrap\">\n<div id=\"section-g681bfd\" class=\"wp-block-gutentor-e0 section-g681bfd gutentor-element gutentor-element-advanced-text\"><div class=\"gutentor-text-wrap\"><h3 class=\"gutentor-text\">Servi\u00e7os de consultoria<\/h3><\/div><\/div>\n\n\n\n<div id=\"section-g5641db\" class=\"wp-block-gutentor-e0 section-g5641db gutentor-element gutentor-element-advanced-text\"><div class=\"gutentor-text-wrap\"><p class=\"gutentor-text\">Servi\u00e7os de consultoria<\/p><\/div><\/div>\n<\/div><\/div>\n<\/div><\/div><\/section>\n<\/div><\/div>\n<\/div><\/div><\/section>\n<\/div><\/div>\n<\/div><\/div><\/section>\n","protected":false},"excerpt":{"rendered":"","protected":false},"author":1,"featured_media":0,"parent":0,"menu_order":0,"comment_status":"closed","ping_status":"closed","template":"","meta":{"_eb_attr":"","_monsterinsights_skip_tracking":false,"_monsterinsights_sitenote_active":false,"_monsterinsights_sitenote_note":"","_monsterinsights_sitenote_category":0,"footnotes":""},"class_list":["post-8160","page","type-page","status-publish","hentry"],"_links":{"self":[{"href":"https:\/\/www.nursing-advisory.com\/pt-br\/wp-json\/wp\/v2\/pages\/8160","targetHints":{"allow":["GET"]}}],"collection":[{"href":"https:\/\/www.nursing-advisory.com\/pt-br\/wp-json\/wp\/v2\/pages"}],"about":[{"href":"https:\/\/www.nursing-advisory.com\/pt-br\/wp-json\/wp\/v2\/types\/page"}],"author":[{"embeddable":true,"href":"https:\/\/www.nursing-advisory.com\/pt-br\/wp-json\/wp\/v2\/users\/1"}],"replies":[{"embeddable":true,"href":"https:\/\/www.nursing-advisory.com\/pt-br\/wp-json\/wp\/v2\/comments?post=8160"}],"version-history":[{"count":3,"href":"https:\/\/www.nursing-advisory.com\/pt-br\/wp-json\/wp\/v2\/pages\/8160\/revisions"}],"predecessor-version":[{"id":8325,"href":"https:\/\/www.nursing-advisory.com\/pt-br\/wp-json\/wp\/v2\/pages\/8160\/revisions\/8325"}],"wp:attachment":[{"href":"https:\/\/www.nursing-advisory.com\/pt-br\/wp-json\/wp\/v2\/media?parent=8160"}],"curies":[{"name":"wp","href":"https:\/\/api.w.org\/{rel}","templated":true}]}}