{"id":8175,"date":"2024-10-01T08:52:18","date_gmt":"2024-10-01T13:52:18","guid":{"rendered":"https:\/\/www.nursing-advisory.com\/?page_id=8175"},"modified":"2024-10-01T10:12:21","modified_gmt":"2024-10-01T15:12:21","slug":"servico-completo-com-financiamento-de-23-meses-e-primeira-parcela","status":"publish","type":"page","link":"https:\/\/www.nursing-advisory.com\/pt-br\/servico-completo-com-financiamento-de-23-meses-e-primeira-parcela\/","title":{"rendered":"Servi\u00e7o completo com financiamento de 23 meses e primeira parcela"},"content":{"rendered":"\n<section id=\"gm88124c9\" class=\"wp-block-gutentor-m4 section-gm88124c9 gutentor-module gutentor-advanced-columns has-color-bg has-custom-bg\"><div class=\"grid-container\"><div class=\"grid-row\">\n<div id=\"col-gm955bd1\" class=\"wp-block-gutentor-m4-col col-gm955bd1 gutentor-single-column  grid-lg-3 grid-md-12 grid-12\"><div id=\"section-gm955bd1\" class=\"section-gm955bd1 gutentor-col-wrap\">\n<section id=\"gm5417ae8\" class=\"wp-block-gutentor-m3 section-gm5417ae8 gutentor-module gutentor-container-cover has-image-bg has-custom-bg has-gutentor-overlay g-valign-c-mobile g-valign-c-tablet g-valign-c-desktop wow slideInUp\" data-wow-animation=\"slideInUp\" data-wow-duration=\"1s\" data-wow-iteration=\"1\"><div class=\"grid-container gutentor-rm-ct-space\">\n<div id=\"section-ge1818e\" class=\"wp-block-gutentor-e0 section-ge1818e gutentor-element gutentor-element-advanced-text text-align-center-mobile\"><div class=\"gutentor-text-wrap\"><p class=\"gutentor-text\">Os melhores benef\u00edcios<\/p><\/div><\/div>\n\n\n\n<div id=\"section-g04e4e6\" class=\"wp-block-gutentor-e0 section-g04e4e6 gutentor-element gutentor-element-advanced-text text-align-center-mobile\"><div class=\"gutentor-text-wrap\"><p class=\"gutentor-text\">$<strong>5600<\/strong><\/p><\/div><\/div>\n\n\n\n<div id=\"section-g6a543c\" class=\"wp-block-gutentor-e0 section-g6a543c gutentor-element gutentor-element-advanced-text text-align-center-mobile\"><div class=\"gutentor-text-wrap\"><p class=\"gutentor-text\"><\/p><\/div><\/div>\n\n\n\n<div id=\"section-gde8f0d\" class=\"wp-block-gutentor-e2 section-gde8f0d gutentor-element gutentor-element-button button-align-center-mobile\"><span class=\"gutentor-button-wrap\"><a class=\"gutentor-button gutentor-block-button gutentor-icon-after\" href=\"https:\/\/www.nursing-advisory.com\/pt-br\/producto\/primeiro-pagamento-23-meses-de-servico-completo\/\"><i class=\"gutentor-button-icon fas fa-arrow-right\"><\/i><span>Obter agora<\/span><\/a><\/span><\/div>\n<\/div><\/section>\n<\/div><\/div>\n\n\n\n<div id=\"col-gm4bf89c\" class=\"wp-block-gutentor-m4-col col-gm4bf89c gutentor-single-column  grid-lg-9 grid-md-12 grid-12\"><div id=\"section-gm4bf89c\" class=\"section-gm4bf89c gutentor-col-wrap\">\n<div id=\"section-gea29de\" class=\"wp-block-gutentor-e1 section-gea29de gutentor-element gutentor-element-advanced-text gutentor-width-enabled wow slideInUp enable-title-design\" data-wow-animation=\"slideInUp\" data-wow-duration=\"1s\"><div class=\"gutentor-text-wrap divider-bottom\"><h2 class=\"gutentor-text\"><em>Financiamento em 23 meses e primeira parcela de US$ 1.000<\/em><\/h2><div class=\"gutentor-separator gutentor-separator-after border-dashed\"><\/div><\/div><\/div>\n\n\n\n<section id=\"gm0d4d646\" class=\"wp-block-gutentor-m2 section-gm0d4d646 gutentor-module gutentor-dynamic-columns\"><div class=\"grid-container gutentor-rm-ct-space\"><div class=\"grid-row\">\n<div id=\"col-gm14a4ab\" class=\"wp-block-gutentor-m2-col col-gm14a4ab gutentor-module gutentor-dynamic-single-column wow slideInUp grid-lg-6 grid-md-6 grid-12\" data-wow-animation=\"slideInUp\" data-wow-delay=\"0.1s\" data-wow-duration=\"1s\" data-wow-iteration=\"1\"><div id=\"section-gm14a4ab\" class=\"section-gm14a4ab gutentor-single-col\">\n<section id=\"gma891c80\" class=\"wp-block-gutentor-m4 section-gma891c80 gutentor-module gutentor-advanced-columns\"><div class=\"grid-container gutentor-rm-ct-space\"><div class=\"grid-row\">\n<div id=\"col-gmdf85f0\" class=\"wp-block-gutentor-m4-col col-gmdf85f0 gutentor-single-column  grid-lg-3 grid-md-3 grid-3\"><div id=\"section-gmdf85f0\" class=\"section-gmdf85f0 gutentor-col-wrap\">\n<div id=\"section-gf08603\" class=\"wp-block-gutentor-e5 section-gf08603 gutentor-element gutentor-element-icon gutentor-icon-default text-align-center-mobile\"><div class=\"gutentor-element-icon-box\"><i class=\"fas fa-check\"><\/i><\/div><\/div>\n<\/div><\/div>\n\n\n\n<div id=\"col-gm81dff8\" class=\"wp-block-gutentor-m4-col col-gm81dff8 gutentor-single-column  grid-lg-9 grid-md-9 grid-9\"><div id=\"section-gm81dff8\" class=\"section-gm81dff8 gutentor-col-wrap\">\n<div id=\"section-gc7b1be\" class=\"wp-block-gutentor-e0 section-gc7b1be gutentor-element gutentor-element-advanced-text\"><div class=\"gutentor-text-wrap\"><h3 class=\"gutentor-text\">Verifica\u00e7\u00e3o do t\u00edtulo profissional<\/h3><\/div><\/div>\n\n\n\n<div id=\"section-gfdd45d\" class=\"wp-block-gutentor-e0 section-gfdd45d gutentor-element gutentor-element-advanced-text\"><div class=\"gutentor-text-wrap\"><p class=\"gutentor-text\">Um (1) comprovante de diploma de enfermagem profissional<\/p><\/div><\/div>\n<\/div><\/div>\n<\/div><\/div><\/section>\n<\/div><\/div>\n\n\n\n<div id=\"col-gm97d024\" class=\"wp-block-gutentor-m2-col col-gm97d024 gutentor-module gutentor-dynamic-single-column wow slideInUp grid-lg-6 grid-md-6 grid-12\" data-wow-animation=\"slideInUp\" data-wow-delay=\"0.2s\" data-wow-duration=\"1s\" data-wow-iteration=\"1\"><div id=\"section-gm97d024\" class=\"section-gm97d024 gutentor-single-col\">\n<section id=\"gm542ec1e\" class=\"wp-block-gutentor-m4 section-gm542ec1e gutentor-module gutentor-advanced-columns\"><div class=\"grid-container gutentor-rm-ct-space\"><div class=\"grid-row\">\n<div id=\"col-gm5ae34c\" class=\"wp-block-gutentor-m4-col col-gm5ae34c gutentor-single-column  grid-lg-3 grid-md-3 grid-3\"><div id=\"section-gm5ae34c\" class=\"section-gm5ae34c gutentor-col-wrap\">\n<div id=\"section-gee82ee\" class=\"wp-block-gutentor-e5 section-gee82ee gutentor-element gutentor-element-icon gutentor-icon-default text-align-center-mobile\"><div class=\"gutentor-element-icon-box\"><i class=\"fas fa-check\"><\/i><\/div><\/div>\n<\/div><\/div>\n\n\n\n<div id=\"col-gme38a41\" class=\"wp-block-gutentor-m4-col col-gme38a41 gutentor-single-column  grid-lg-9 grid-md-9 grid-9\"><div id=\"section-gme38a41\" class=\"section-gme38a41 gutentor-col-wrap\">\n<div id=\"section-g2a30ac\" class=\"wp-block-gutentor-e0 section-g2a30ac gutentor-element gutentor-element-advanced-text\"><div class=\"gutentor-text-wrap\"><h3 class=\"gutentor-text\">Tradu\u00e7\u00e3o de t\u00edtulos profissionais<\/h3><\/div><\/div>\n\n\n\n<div id=\"section-gfa8078\" class=\"wp-block-gutentor-e0 section-gfa8078 gutentor-element gutentor-element-advanced-text\"><div class=\"gutentor-text-wrap\"><p class=\"gutentor-text\">Um (1) servi\u00e7o de tradu\u00e7\u00e3o de diplomas profissionais de enfermagem para verifica\u00e7\u00e3o<\/p><\/div><\/div>\n<\/div><\/div>\n<\/div><\/div><\/section>\n<\/div><\/div>\n\n\n\n<div id=\"col-gmfcf2d3\" class=\"wp-block-gutentor-m2-col col-gmfcf2d3 gutentor-module gutentor-dynamic-single-column wow slideInUp grid-lg-6 grid-md-6 grid-12\" data-wow-animation=\"slideInUp\" data-wow-delay=\"0.3s\" data-wow-duration=\"1s\" data-wow-iteration=\"1\"><div id=\"section-gmfcf2d3\" class=\"section-gmfcf2d3 gutentor-single-col\">\n<section id=\"gma9417c0\" class=\"wp-block-gutentor-m4 section-gma9417c0 gutentor-module gutentor-advanced-columns\"><div class=\"grid-container gutentor-rm-ct-space\"><div class=\"grid-row\">\n<div id=\"col-gma326e1\" class=\"wp-block-gutentor-m4-col col-gma326e1 gutentor-single-column  grid-lg-3 grid-md-3 grid-3\"><div id=\"section-gma326e1\" class=\"section-gma326e1 gutentor-col-wrap\">\n<div id=\"section-gf1e7a3\" class=\"wp-block-gutentor-e5 section-gf1e7a3 gutentor-element gutentor-element-icon gutentor-icon-default text-align-center-mobile\"><div class=\"gutentor-element-icon-box\"><i class=\"fas fa-check\"><\/i><\/div><\/div>\n<\/div><\/div>\n\n\n\n<div id=\"col-gm6180f3\" class=\"wp-block-gutentor-m4-col col-gm6180f3 gutentor-single-column  grid-lg-9 grid-md-9 grid-9\"><div id=\"section-gm6180f3\" class=\"section-gm6180f3 gutentor-col-wrap\">\n<div id=\"section-g95e6ee\" class=\"wp-block-gutentor-e0 section-g95e6ee gutentor-element gutentor-element-advanced-text\"><div class=\"gutentor-text-wrap\"><h3 class=\"gutentor-text\">Certifica\u00e7\u00e3o do Conselho de Enfermagem<\/h3><\/div><\/div>\n\n\n\n<div id=\"section-g6d55ed\" class=\"wp-block-gutentor-e0 section-g6d55ed gutentor-element gutentor-element-advanced-text\"><div class=\"gutentor-text-wrap\"><p class=\"gutentor-text\">Um (1) Servi\u00e7o de Certifica\u00e7\u00e3o do Conselho de Enfermagem<\/p><\/div><\/div>\n<\/div><\/div>\n<\/div><\/div><\/section>\n<\/div><\/div>\n\n\n\n<div id=\"col-gm9fc818\" class=\"wp-block-gutentor-m2-col col-gm9fc818 gutentor-module gutentor-dynamic-single-column wow slideInUp grid-lg-6 grid-md-6 grid-12\" data-wow-animation=\"slideInUp\" data-wow-delay=\"0.4s\" data-wow-duration=\"1s\" data-wow-iteration=\"1\"><div id=\"section-gm9fc818\" class=\"section-gm9fc818 gutentor-single-col\">\n<section id=\"gm0cddbd4\" class=\"wp-block-gutentor-m4 section-gm0cddbd4 gutentor-module gutentor-advanced-columns\"><div class=\"grid-container gutentor-rm-ct-space\"><div class=\"grid-row\">\n<div id=\"col-gmb912f8\" class=\"wp-block-gutentor-m4-col col-gmb912f8 gutentor-single-column  grid-lg-3 grid-md-3 grid-3\"><div id=\"section-gmb912f8\" class=\"section-gmb912f8 gutentor-col-wrap\">\n<div id=\"section-g252ce5\" class=\"wp-block-gutentor-e5 section-g252ce5 gutentor-element gutentor-element-icon gutentor-icon-default text-align-center-mobile\"><div class=\"gutentor-element-icon-box\"><i class=\"fas fa-check\"><\/i><\/div><\/div>\n<\/div><\/div>\n\n\n\n<div id=\"col-gmc40244\" class=\"wp-block-gutentor-m4-col col-gmc40244 gutentor-single-column  grid-lg-9 grid-md-9 grid-9\"><div id=\"section-gmc40244\" class=\"section-gmc40244 gutentor-col-wrap\">\n<div id=\"section-g00f65d\" class=\"wp-block-gutentor-e0 section-g00f65d gutentor-element gutentor-element-advanced-text\"><div class=\"gutentor-text-wrap\"><h3 class=\"gutentor-text\">Instituto Nash NCLEX-RN<\/h3><\/div><\/div>\n\n\n\n<div id=\"section-g3c1c52\" class=\"wp-block-gutentor-e0 section-g3c1c52 gutentor-element gutentor-element-advanced-text\"><div class=\"gutentor-text-wrap\"><p class=\"gutentor-text\">Vinte e quatro (24) semanas de programa de revis\u00e3o bil\u00edngue NCLEX-RN do Nash Institute<\/p><\/div><\/div>\n<\/div><\/div>\n<\/div><\/div><\/section>\n<\/div><\/div>\n\n\n\n<div id=\"col-gmfc6057\" class=\"wp-block-gutentor-m2-col col-gmfc6057 gutentor-module gutentor-dynamic-single-column wow slideInUp grid-lg-6 grid-md-6 grid-12\" data-wow-animation=\"slideInUp\" data-wow-delay=\"0.3s\" data-wow-duration=\"1s\" data-wow-iteration=\"1\"><div id=\"section-gmfc6057\" class=\"section-gmfc6057 gutentor-single-col\">\n<section id=\"gmd15f23a\" class=\"wp-block-gutentor-m4 section-gmd15f23a gutentor-module gutentor-advanced-columns\"><div class=\"grid-container gutentor-rm-ct-space\"><div class=\"grid-row\">\n<div id=\"col-gm1941d1\" class=\"wp-block-gutentor-m4-col col-gm1941d1 gutentor-single-column  grid-lg-3 grid-md-3 grid-3\"><div id=\"section-gm1941d1\" class=\"section-gm1941d1 gutentor-col-wrap\">\n<div id=\"section-g4c7688\" class=\"wp-block-gutentor-e5 section-g4c7688 gutentor-element gutentor-element-icon gutentor-icon-default text-align-center-mobile\"><div class=\"gutentor-element-icon-box\"><i class=\"fas fa-check\"><\/i><\/div><\/div>\n<\/div><\/div>\n\n\n\n<div id=\"col-gm33a81c\" class=\"wp-block-gutentor-m4-col col-gm33a81c gutentor-single-column  grid-lg-9 grid-md-9 grid-9\"><div id=\"section-gm33a81c\" class=\"section-gm33a81c gutentor-col-wrap\">\n<div id=\"section-gf87b53\" class=\"wp-block-gutentor-e0 section-gf87b53 gutentor-element gutentor-element-advanced-text\"><div class=\"gutentor-text-wrap\"><h3 class=\"gutentor-text\">Programa de revis\u00e3o do NCLEX-RN do Nash Institute Somente em ingl\u00eas<\/h3><\/div><\/div>\n\n\n\n<div id=\"section-g332c2d\" class=\"wp-block-gutentor-e0 section-g332c2d gutentor-element gutentor-element-advanced-text\"><div class=\"gutentor-text-wrap\"><p class=\"gutentor-text\">Programa de revis\u00e3o do Nash Institute NCLEX-RN de 24 (vinte e quatro) semanas, somente em ingl\u00eas<\/p><\/div><\/div>\n<\/div><\/div>\n<\/div><\/div><\/section>\n<\/div><\/div>\n\n\n\n<div id=\"col-gmd728dd\" class=\"wp-block-gutentor-m2-col col-gmd728dd gutentor-module gutentor-dynamic-single-column wow slideInUp grid-lg-6 grid-md-6 grid-12\" data-wow-animation=\"slideInUp\" data-wow-delay=\"0.3s\" data-wow-duration=\"1s\" data-wow-iteration=\"1\"><div id=\"section-gmd728dd\" class=\"section-gmd728dd gutentor-single-col\">\n<section id=\"gm409c1db\" class=\"wp-block-gutentor-m4 section-gm409c1db gutentor-module gutentor-advanced-columns\"><div class=\"grid-container gutentor-rm-ct-space\"><div class=\"grid-row\">\n<div id=\"col-gm72d371\" class=\"wp-block-gutentor-m4-col col-gm72d371 gutentor-single-column  grid-lg-3 grid-md-3 grid-3\"><div id=\"section-gm72d371\" class=\"section-gm72d371 gutentor-col-wrap\">\n<div id=\"section-g3a8281\" class=\"wp-block-gutentor-e5 section-g3a8281 gutentor-element gutentor-element-icon gutentor-icon-default text-align-center-mobile\"><div class=\"gutentor-element-icon-box\"><i class=\"fas fa-check\"><\/i><\/div><\/div>\n<\/div><\/div>\n\n\n\n<div id=\"col-gm04e0a3\" class=\"wp-block-gutentor-m4-col col-gm04e0a3 gutentor-single-column  grid-lg-9 grid-md-9 grid-9\"><div id=\"section-gm04e0a3\" class=\"section-gm04e0a3 gutentor-col-wrap\">\n<div id=\"section-gae87a9\" class=\"wp-block-gutentor-e0 section-gae87a9 gutentor-element gutentor-element-advanced-text\"><div class=\"gutentor-text-wrap\"><h3 class=\"gutentor-text\"> ArcherReview\u2122<\/h3><\/div><\/div>\n\n\n\n<div id=\"section-gf15284\" class=\"wp-block-gutentor-e0 section-gf15284 gutentor-element gutentor-element-advanced-text\"><div class=\"gutentor-text-wrap\"><p class=\"gutentor-text\">Um (1) ano de ArcherReview\u2122 Next-Gen NCLEX RN Rapid Review Combo OnDemand + Qbank<\/p><\/div><\/div>\n<\/div><\/div>\n<\/div><\/div><\/section>\n<\/div><\/div>\n\n\n\n<div id=\"col-gm2f086b\" class=\"wp-block-gutentor-m2-col col-gm2f086b gutentor-module gutentor-dynamic-single-column wow slideInUp grid-lg-6 grid-md-6 grid-12\" data-wow-animation=\"slideInUp\" data-wow-delay=\"0.3s\" data-wow-duration=\"1s\" data-wow-iteration=\"1\"><div id=\"section-gm2f086b\" class=\"section-gm2f086b gutentor-single-col\">\n<section id=\"gm106e40c\" class=\"wp-block-gutentor-m4 section-gm106e40c gutentor-module gutentor-advanced-columns\"><div class=\"grid-container gutentor-rm-ct-space\"><div class=\"grid-row\">\n<div id=\"col-gm7ee585\" class=\"wp-block-gutentor-m4-col col-gm7ee585 gutentor-single-column  grid-lg-3 grid-md-3 grid-3\"><div id=\"section-gm7ee585\" class=\"section-gm7ee585 gutentor-col-wrap\">\n<div id=\"section-g263f7c\" class=\"wp-block-gutentor-e5 section-g263f7c gutentor-element gutentor-element-icon gutentor-icon-default text-align-center-mobile\"><div class=\"gutentor-element-icon-box\"><i class=\"fas fa-check\"><\/i><\/div><\/div>\n<\/div><\/div>\n\n\n\n<div id=\"col-gm54eee7\" class=\"wp-block-gutentor-m4-col col-gm54eee7 gutentor-single-column  grid-lg-9 grid-md-9 grid-9\"><div id=\"section-gm54eee7\" class=\"section-gm54eee7 gutentor-col-wrap\">\n<div id=\"section-g5f90ed\" class=\"wp-block-gutentor-e0 section-g5f90ed gutentor-element gutentor-element-advanced-text\"><div class=\"gutentor-text-wrap\"><h3 class=\"gutentor-text\">Revis\u00e3o abrangente da Saunders<\/h3><\/div><\/div>\n\n\n\n<div id=\"section-gced42d\" class=\"wp-block-gutentor-e0 section-gced42d gutentor-element gutentor-element-advanced-text\"><div class=\"gutentor-text-wrap\"><p class=\"gutentor-text\">Uma (1) vers\u00e3o da Web do Saunders Comprehensive Review for the NCLEX-RN\u00ae Examination<\/p><\/div><\/div>\n<\/div><\/div>\n<\/div><\/div><\/section>\n<\/div><\/div>\n\n\n\n<div id=\"col-gmdb4ce3\" class=\"wp-block-gutentor-m2-col col-gmdb4ce3 gutentor-module gutentor-dynamic-single-column wow slideInUp grid-lg-6 grid-md-6 grid-12\" data-wow-animation=\"slideInUp\" data-wow-delay=\"0.3s\" data-wow-duration=\"1s\" data-wow-iteration=\"1\"><div id=\"section-gmdb4ce3\" class=\"section-gmdb4ce3 gutentor-single-col\">\n<section id=\"gma32973b\" class=\"wp-block-gutentor-m4 section-gma32973b gutentor-module gutentor-advanced-columns\"><div class=\"grid-container gutentor-rm-ct-space\"><div class=\"grid-row\">\n<div id=\"col-gm5722d3\" class=\"wp-block-gutentor-m4-col col-gm5722d3 gutentor-single-column  grid-lg-3 grid-md-3 grid-3\"><div id=\"section-gm5722d3\" class=\"section-gm5722d3 gutentor-col-wrap\">\n<div id=\"section-gada961\" class=\"wp-block-gutentor-e5 section-gada961 gutentor-element gutentor-element-icon gutentor-icon-default text-align-center-mobile\"><div class=\"gutentor-element-icon-box\"><i class=\"fas fa-check\"><\/i><\/div><\/div>\n<\/div><\/div>\n\n\n\n<div id=\"col-gm0b2364\" class=\"wp-block-gutentor-m4-col col-gm0b2364 gutentor-single-column  grid-lg-9 grid-md-9 grid-9\"><div id=\"section-gm0b2364\" class=\"section-gm0b2364 gutentor-col-wrap\">\n<div id=\"section-gd26a74\" class=\"wp-block-gutentor-e0 section-gd26a74 gutentor-element gutentor-element-advanced-text\"><div class=\"gutentor-text-wrap\"><h3 class=\"gutentor-text\">Teste do exame NCLEX-RN<\/h3><\/div><\/div>\n\n\n\n<div id=\"section-gfbbc44\" class=\"wp-block-gutentor-e0 section-gfbbc44 gutentor-element gutentor-element-advanced-text\"><div class=\"gutentor-text-wrap\"><p class=\"gutentor-text\">Uma (1) prova do exame NCLEX-RN<\/p><\/div><\/div>\n<\/div><\/div>\n<\/div><\/div><\/section>\n<\/div><\/div>\n\n\n\n<div id=\"col-gmec72b9\" class=\"wp-block-gutentor-m2-col col-gmec72b9 gutentor-module gutentor-dynamic-single-column wow slideInUp grid-lg-6 grid-md-6 grid-12\" data-wow-animation=\"slideInUp\" data-wow-delay=\"0.3s\" data-wow-duration=\"1s\" data-wow-iteration=\"1\"><div id=\"section-gmec72b9\" class=\"section-gmec72b9 gutentor-single-col\">\n<section id=\"gm0ccf027\" class=\"wp-block-gutentor-m4 section-gm0ccf027 gutentor-module gutentor-advanced-columns\"><div class=\"grid-container gutentor-rm-ct-space\"><div class=\"grid-row\">\n<div id=\"col-gmcedc7c\" class=\"wp-block-gutentor-m4-col col-gmcedc7c gutentor-single-column  grid-lg-3 grid-md-3 grid-3\"><div id=\"section-gmcedc7c\" class=\"section-gmcedc7c gutentor-col-wrap\">\n<div id=\"section-gc04349\" class=\"wp-block-gutentor-e5 section-gc04349 gutentor-element gutentor-element-icon gutentor-icon-default text-align-center-mobile\"><div class=\"gutentor-element-icon-box\"><i class=\"fas fa-check\"><\/i><\/div><\/div>\n<\/div><\/div>\n\n\n\n<div id=\"col-gme7bd8c\" class=\"wp-block-gutentor-m4-col col-gme7bd8c gutentor-single-column  grid-lg-9 grid-md-9 grid-9\"><div id=\"section-gme7bd8c\" class=\"section-gme7bd8c gutentor-col-wrap\">\n<div id=\"section-gf822d3\" class=\"wp-block-gutentor-e0 section-gf822d3 gutentor-element gutentor-element-advanced-text\"><div class=\"gutentor-text-wrap\"><h3 class=\"gutentor-text\">Prepara\u00e7\u00e3o intensiva para o idioma ingl\u00eas <\/h3><\/div><\/div>\n\n\n\n<div id=\"section-gc4706e\" class=\"wp-block-gutentor-e0 section-gc4706e gutentor-element gutentor-element-advanced-text\"><div class=\"gutentor-text-wrap\"><p class=\"gutentor-text\">Dezoito (18) meses de prepara\u00e7\u00e3o intensiva para o idioma ingl\u00eas com a BSR Idiomas<\/p><\/div><\/div>\n<\/div><\/div>\n<\/div><\/div><\/section>\n<\/div><\/div>\n\n\n\n<div id=\"col-gmc2a4ff\" class=\"wp-block-gutentor-m2-col col-gmc2a4ff gutentor-module gutentor-dynamic-single-column wow slideInUp grid-lg-6 grid-md-6 grid-12\" data-wow-animation=\"slideInUp\" data-wow-delay=\"0.3s\" data-wow-duration=\"1s\" data-wow-iteration=\"1\"><div id=\"section-gmc2a4ff\" class=\"section-gmc2a4ff gutentor-single-col\">\n<section id=\"gm7a1f7ed\" class=\"wp-block-gutentor-m4 section-gm7a1f7ed gutentor-module gutentor-advanced-columns\"><div class=\"grid-container gutentor-rm-ct-space\"><div class=\"grid-row\">\n<div id=\"col-gme626de\" class=\"wp-block-gutentor-m4-col col-gme626de gutentor-single-column  grid-lg-3 grid-md-3 grid-3\"><div id=\"section-gme626de\" class=\"section-gme626de gutentor-col-wrap\">\n<div id=\"section-g8b2090\" class=\"wp-block-gutentor-e5 section-g8b2090 gutentor-element gutentor-element-icon gutentor-icon-default text-align-center-mobile\"><div class=\"gutentor-element-icon-box\"><i class=\"fas fa-check\"><\/i><\/div><\/div>\n<\/div><\/div>\n\n\n\n<div id=\"col-gmeed8e0\" class=\"wp-block-gutentor-m4-col col-gmeed8e0 gutentor-single-column  grid-lg-9 grid-md-9 grid-9\"><div id=\"section-gmeed8e0\" class=\"section-gmeed8e0 gutentor-col-wrap\">\n<div id=\"section-gc1e749\" class=\"wp-block-gutentor-e0 section-gc1e749 gutentor-element gutentor-element-advanced-text\"><div class=\"gutentor-text-wrap\"><h3 class=\"gutentor-text\">Teste de exame de profici\u00eancia<\/h3><\/div><\/div>\n\n\n\n<div id=\"section-gdffc24\" class=\"wp-block-gutentor-e0 section-gdffc24 gutentor-element gutentor-element-advanced-text\"><div class=\"gutentor-text-wrap\"><p class=\"gutentor-text\">Um (1) exame de profici\u00eancia em ingl\u00eas: TOEFL ou OET<\/p><\/div><\/div>\n<\/div><\/div>\n<\/div><\/div><\/section>\n<\/div><\/div>\n\n\n\n<div id=\"col-gmf92cdc\" class=\"wp-block-gutentor-m2-col col-gmf92cdc gutentor-module gutentor-dynamic-single-column wow slideInUp grid-lg-6 grid-md-6 grid-12\" data-wow-animation=\"slideInUp\" data-wow-delay=\"0.3s\" data-wow-duration=\"1s\" data-wow-iteration=\"1\"><div id=\"section-gmf92cdc\" class=\"section-gmf92cdc gutentor-single-col\">\n<section id=\"gm3d6d491\" class=\"wp-block-gutentor-m4 section-gm3d6d491 gutentor-module gutentor-advanced-columns\"><div class=\"grid-container gutentor-rm-ct-space\"><div class=\"grid-row\">\n<div id=\"col-gm19b5c1\" class=\"wp-block-gutentor-m4-col col-gm19b5c1 gutentor-single-column  grid-lg-3 grid-md-3 grid-3\"><div id=\"section-gm19b5c1\" class=\"section-gm19b5c1 gutentor-col-wrap\">\n<div id=\"section-g7fb3d5\" class=\"wp-block-gutentor-e5 section-g7fb3d5 gutentor-element gutentor-element-icon gutentor-icon-default text-align-center-mobile\"><div class=\"gutentor-element-icon-box\"><i class=\"fas fa-check\"><\/i><\/div><\/div>\n<\/div><\/div>\n\n\n\n<div id=\"col-gm435071\" class=\"wp-block-gutentor-m4-col col-gm435071 gutentor-single-column  grid-lg-9 grid-md-9 grid-9\"><div id=\"section-gm435071\" class=\"section-gm435071 gutentor-col-wrap\">\n<div id=\"section-gb12ec8\" class=\"wp-block-gutentor-e0 section-gb12ec8 gutentor-element gutentor-element-advanced-text\"><div class=\"gutentor-text-wrap\"><h3 class=\"gutentor-text\">Servi\u00e7os de consultoria<\/h3><\/div><\/div>\n\n\n\n<div id=\"section-g32c9f5\" class=\"wp-block-gutentor-e0 section-g32c9f5 gutentor-element gutentor-element-advanced-text\"><div class=\"gutentor-text-wrap\"><p class=\"gutentor-text\">Servi\u00e7os de consultoria<\/p><\/div><\/div>\n<\/div><\/div>\n<\/div><\/div><\/section>\n<\/div><\/div>\n<\/div><\/div><\/section>\n<\/div><\/div>\n<\/div><\/div><\/section>\n","protected":false},"excerpt":{"rendered":"","protected":false},"author":1,"featured_media":0,"parent":0,"menu_order":0,"comment_status":"closed","ping_status":"closed","template":"","meta":{"_eb_attr":"","_monsterinsights_skip_tracking":false,"_monsterinsights_sitenote_active":false,"_monsterinsights_sitenote_note":"","_monsterinsights_sitenote_category":0,"footnotes":""},"class_list":["post-8175","page","type-page","status-publish","hentry"],"_links":{"self":[{"href":"https:\/\/www.nursing-advisory.com\/pt-br\/wp-json\/wp\/v2\/pages\/8175","targetHints":{"allow":["GET"]}}],"collection":[{"href":"https:\/\/www.nursing-advisory.com\/pt-br\/wp-json\/wp\/v2\/pages"}],"about":[{"href":"https:\/\/www.nursing-advisory.com\/pt-br\/wp-json\/wp\/v2\/types\/page"}],"author":[{"embeddable":true,"href":"https:\/\/www.nursing-advisory.com\/pt-br\/wp-json\/wp\/v2\/users\/1"}],"replies":[{"embeddable":true,"href":"https:\/\/www.nursing-advisory.com\/pt-br\/wp-json\/wp\/v2\/comments?post=8175"}],"version-history":[{"count":2,"href":"https:\/\/www.nursing-advisory.com\/pt-br\/wp-json\/wp\/v2\/pages\/8175\/revisions"}],"predecessor-version":[{"id":8249,"href":"https:\/\/www.nursing-advisory.com\/pt-br\/wp-json\/wp\/v2\/pages\/8175\/revisions\/8249"}],"wp:attachment":[{"href":"https:\/\/www.nursing-advisory.com\/pt-br\/wp-json\/wp\/v2\/media?parent=8175"}],"curies":[{"name":"wp","href":"https:\/\/api.w.org\/{rel}","templated":true}]}}