{"id":8226,"date":"2024-10-01T08:27:08","date_gmt":"2024-10-01T13:27:08","guid":{"rendered":"https:\/\/www.nursing-advisory.com\/planos\/"},"modified":"2024-10-01T10:28:56","modified_gmt":"2024-10-01T15:28:56","slug":"planos","status":"publish","type":"page","link":"https:\/\/www.nursing-advisory.com\/pt-br\/planos\/","title":{"rendered":"Planos"},"content":{"rendered":"\n<h3 class=\"wp-block-heading has-text-align-center\">Homologar seu diploma de enfermagem nos EUA<\/h3>\n\n\n\n<h1 class=\"wp-block-heading has-text-align-center\">Servi\u00e7o completo<\/h1>\n\n\n\n<div style=\"height:50px\" aria-hidden=\"true\" class=\"wp-block-spacer\"><\/div>\n\n\n\n<div class=\"wp-block-group\"><div class=\"wp-block-group__inner-container is-layout-constrained wp-block-group-is-layout-constrained\">\n<div class=\"wp-block-columns is-layout-flex wp-container-core-columns-is-layout-9d6595d7 wp-block-columns-is-layout-flex\">\n<div class=\"wp-block-column is-layout-flow wp-block-column-is-layout-flow\">\n<div class=\"wp-block-price-table-block-pricing-table\"><div class=\"eb-parent-wrapper eb-parent-eb-pricing-t87tvr8 \"><div class=\"eb-pricing-t87tvr8 eb-pricing-wrapper eb-pricing-content-center\"><div class=\"eb-pricing style-2\"><div class=\"eb-pricing-item\"><div class=\"eb-pricing-item-overlay\"><\/div><div class=\"eb-pricing-header\"><h2 class=\"eb-pricing-title\">$5600<\/h2><span class=\"eb-pricing-subtitle\">  1.000 e 23 meses de financiamento<\/span><\/div><div class=\"eb-pricing-tag\"><span class=\"price-tag\"><span class=\"original-price\" data-price=\"200\"><span class=\"price-currency\">$<\/span>200<\/span><\/span><span class=\"price-period\" data-period-separator=\"\/\" data-price-period=\"Mes\">\/ Mes<\/span><\/div><div class=\"eb-pricing-body\"><ul class=\"eb-pricebox-features \"><li class=\"eb-pricebox-feature-item\" data-icon=\"fas fa-check\" data-color=\"rgba(245,110,71,1)\" data-clickable=\"false\" data-link=\"\"><i class=\"fas fa-check eb-pricebox-icon\" icon=\"fas fa-check\" style=\"color:rgba(245,110,71,1)\"><\/i><span class=\"eb-pricebox-feature-text\">Um (1) comprovante de diploma de enfermagem profissional<\/span><\/li><li class=\"eb-pricebox-feature-item\" data-icon=\"fas fa-check\" data-color=\"rgba(245,110,71,1)\" data-clickable=\"false\" data-link=\"\"><i class=\"fas fa-check eb-pricebox-icon\" icon=\"fas fa-check\" style=\"color:rgba(245,110,71,1)\"><\/i><span class=\"eb-pricebox-feature-text\">Um (1) servi\u00e7o de tradu\u00e7\u00e3o de diplomas profissionais de enfermagem para verifica\u00e7\u00e3o<\/span><\/li><li class=\"eb-pricebox-feature-item\" data-icon=\"fas fa-check\" data-color=\"rgba(245,110,71,1)\" data-clickable=\"false\" data-link=\"\"><i class=\"fas fa-check eb-pricebox-icon\" icon=\"fas fa-check\" style=\"color:rgba(245,110,71,1)\"><\/i><span class=\"eb-pricebox-feature-text\">Um (1) Servi\u00e7o de Certifica\u00e7\u00e3o do Conselho de Enfermagem<\/span><\/li><li class=\"eb-pricebox-feature-item\" data-icon=\"fas fa-check\" data-color=\"rgba(245,110,71,1)\" data-clickable=\"false\" data-link=\"\"><i class=\"fas fa-check eb-pricebox-icon\" icon=\"fas fa-check\" style=\"color:rgba(245,110,71,1)\"><\/i><span class=\"eb-pricebox-feature-text\">Programa de revis\u00e3o do Nash Institute NCLEX-RN de 24 (vinte e quatro) semanas, somente em ingl\u00eas<\/span><\/li><li class=\"eb-pricebox-feature-item\" data-icon=\"fas fa-check\" data-color=\"rgba(245,110,71,1)\"><i class=\"fas fa-check eb-pricebox-icon\" icon=\"fas fa-check\" style=\"color:rgba(245,110,71,1)\"><\/i><span class=\"eb-pricebox-feature-text\">Programa de revis\u00e3o do Nash Institute NCLEX-RN de 24 (vinte e quatro) semanas, somente em ingl\u00eas<\/span><\/li><\/ul><\/div><div class=\"eb-pricing-footer\" data-icon=\"\"><div class=\"eb-pricing-button-wrapper\"><a href=\"https:\/\/www.nursing-advisory.com\/pt-br\/servico-completo-com-financiamento-de-23-meses-e-primeira-parcela\/\" class=\"eb-pricing-button\"><span class=\"dashicon dashicons dashicons-\"><\/span><span class=\"eb-button-text\">Mais informa\u00e7\u00f5es<\/span><\/a><\/div><\/div><\/div><\/div><\/div><\/div><\/div>\n<\/div>\n\n\n\n<div class=\"wp-block-column is-layout-flow wp-block-column-is-layout-flow\">\n<div class=\"wp-block-price-table-block-pricing-table\"><div class=\"eb-parent-wrapper eb-parent-eb-pricing-lilk0hj \"><div class=\"eb-pricing-lilk0hj eb-pricing-wrapper eb-pricing-content-center\"><div class=\"eb-pricing style-2\"><div class=\"eb-pricing-item featured ribbon-2 right\"><div class=\"eb-pricing-item-overlay\"><\/div><div class=\"eb-pricing-header\"><h2 class=\"eb-pricing-title\">Pagamento em dinheiro<\/h2><span class=\"eb-pricing-subtitle\">&#8211;<\/span><\/div><div class=\"eb-pricing-tag\"><span class=\"price-tag\"><span class=\"original-price\" data-price=\"4500\"><span class=\"price-currency\">$<\/span>4500<\/span><\/span><span class=\"price-period\" data-period-separator=\"\" data-price-period=\"\"> <\/span><\/div><div class=\"eb-pricing-body\"><ul class=\"eb-pricebox-features \"><li class=\"eb-pricebox-feature-item\" data-icon=\"fas fa-check\" data-color=\"rgba(245,110,71,1)\" data-clickable=\"false\" data-link=\"\"><i class=\"fas fa-check eb-pricebox-icon\" icon=\"fas fa-check\" style=\"color:rgba(245,110,71,1)\"><\/i><span class=\"eb-pricebox-feature-text\">Um (1) comprovante de diploma de enfermagem profissional<\/span><\/li><li class=\"eb-pricebox-feature-item\" data-icon=\"fas fa-check\" data-color=\"rgba(245,110,71,1)\" data-clickable=\"false\" data-link=\"\"><i class=\"fas fa-check eb-pricebox-icon\" icon=\"fas fa-check\" style=\"color:rgba(245,110,71,1)\"><\/i><span class=\"eb-pricebox-feature-text\">Um (1) servi\u00e7o de tradu\u00e7\u00e3o de diplomas profissionais de enfermagem para verifica\u00e7\u00e3o<\/span><\/li><li class=\"eb-pricebox-feature-item\" data-icon=\"fas fa-check\" data-color=\"rgba(245,110,71,1)\" data-clickable=\"false\" data-link=\"\"><i class=\"fas fa-check eb-pricebox-icon\" icon=\"fas fa-check\" style=\"color:rgba(245,110,71,1)\"><\/i><span class=\"eb-pricebox-feature-text\">Um (1) Servi\u00e7o de Certifica\u00e7\u00e3o do Conselho de Enfermagem<\/span><\/li><li class=\"eb-pricebox-feature-item\" data-icon=\"fas fa-check\" data-color=\"rgba(245,110,71,1)\"><i class=\"fas fa-check eb-pricebox-icon\" icon=\"fas fa-check\" style=\"color:rgba(245,110,71,1)\"><\/i><span class=\"eb-pricebox-feature-text\">Programa de revis\u00e3o do Nash Institute NCLEX-RN de 24 (vinte e quatro) semanas, somente em ingl\u00eas<\/span><\/li><li class=\"eb-pricebox-feature-item\" data-icon=\"fas fa-check\" data-color=\"rgba(245,110,71,1)\"><i class=\"fas fa-check eb-pricebox-icon\" icon=\"fas fa-check\" style=\"color:rgba(245,110,71,1)\"><\/i><span class=\"eb-pricebox-feature-text\">Uma (1) vers\u00e3o da Web do Saunders Comprehensive Review for the NCLEX-RN\u00ae Examination<\/span><\/li><\/ul><\/div><div class=\"eb-pricing-footer\" data-icon=\"\"><div class=\"eb-pricing-button-wrapper\"><a href=\"https:\/\/www.nursing-advisory.com\/pt-br\/servico-completo-de-pagamento-na-entrega-2\/\" class=\"eb-pricing-button\"><span class=\"dashicon dashicons dashicons-\"><\/span><span class=\"eb-button-text\">Mais informa\u00e7\u00f5es<\/span><\/a><\/div><\/div><\/div><\/div><\/div><\/div><\/div>\n<\/div>\n<\/div>\n\n\n\n<div style=\"height:50px\" aria-hidden=\"true\" class=\"wp-block-spacer\"><\/div>\n\n\n\n<h1 class=\"wp-block-heading has-text-align-center\">Servi\u00e7o completo sem ingl\u00eas<\/h1>\n\n\n\n<div class=\"wp-block-columns is-layout-flex wp-container-core-columns-is-layout-9d6595d7 wp-block-columns-is-layout-flex\">\n<div class=\"wp-block-column is-layout-flow wp-block-column-is-layout-flow\">\n<div class=\"wp-block-price-table-block-pricing-table\"><div class=\"eb-parent-wrapper eb-parent-eb-pricing-il5mdqq \"><div class=\"eb-pricing-il5mdqq eb-pricing-wrapper eb-pricing-content-center\"><div class=\"eb-pricing style-2\"><div class=\"eb-pricing-item\"><div class=\"eb-pricing-item-overlay\"><\/div><div class=\"eb-pricing-header\"><h2 class=\"eb-pricing-title\">$4400<\/h2><span class=\"eb-pricing-subtitle\">17 meses de financiamento<\/span><\/div><div class=\"eb-pricing-tag\"><span class=\"price-tag\"><span class=\"original-price\" data-price=\"200\"><span class=\"price-currency\">$<\/span>200<\/span><\/span><span class=\"price-period\" data-period-separator=\"\/\" data-price-period=\"Mes\">\/ Mes<\/span><\/div><div class=\"eb-pricing-body\"><ul class=\"eb-pricebox-features \"><li class=\"eb-pricebox-feature-item\" data-icon=\"fas fa-check\" data-color=\"rgba(245,110,71,1)\" data-clickable=\"false\" data-link=\"\"><i class=\"fas fa-check eb-pricebox-icon\" icon=\"fas fa-check\" style=\"color:rgba(245,110,71,1)\"><\/i><span class=\"eb-pricebox-feature-text\">Um (1) comprovante de diploma de enfermagem profissional<\/span><\/li><li class=\"eb-pricebox-feature-item\" data-icon=\"fas fa-check\" data-color=\"rgba(245,110,71,1)\" data-clickable=\"false\" data-link=\"\"><i class=\"fas fa-check eb-pricebox-icon\" icon=\"fas fa-check\" style=\"color:rgba(245,110,71,1)\"><\/i><span class=\"eb-pricebox-feature-text\">Um (1) servi\u00e7o de tradu\u00e7\u00e3o de diplomas profissionais de enfermagem para verifica\u00e7\u00e3o<\/span><\/li><li class=\"eb-pricebox-feature-item\" data-icon=\"fas fa-check\" data-color=\"rgba(245,110,71,1)\" data-clickable=\"false\" data-link=\"\"><i class=\"fas fa-check eb-pricebox-icon\" icon=\"fas fa-check\" style=\"color:rgba(245,110,71,1)\"><\/i><span class=\"eb-pricebox-feature-text\">Um (1) Servi\u00e7o de Certifica\u00e7\u00e3o do Conselho de Enfermagem<\/span><\/li><li class=\"eb-pricebox-feature-item\" data-icon=\"fas fa-check\" data-color=\"rgba(245,110,71,1)\" data-clickable=\"false\" data-link=\"\"><i class=\"fas fa-check eb-pricebox-icon\" icon=\"fas fa-check\" style=\"color:rgba(245,110,71,1)\"><\/i><span class=\"eb-pricebox-feature-text\">Programa de revis\u00e3o do Nash Institute NCLEX-RN de 24 (vinte e quatro) semanas, somente em ingl\u00eas<\/span><\/li><li class=\"eb-pricebox-feature-item\" data-icon=\"fas fa-check\" data-color=\"rgba(245,110,71,1)\"><i class=\"fas fa-check eb-pricebox-icon\" icon=\"fas fa-check\" style=\"color:rgba(245,110,71,1)\"><\/i><span class=\"eb-pricebox-feature-text\">Programa de revis\u00e3o do Nash Institute NCLEX-RN de 24 (vinte e quatro) semanas, somente em ingl\u00eas<\/span><\/li><\/ul><\/div><div class=\"eb-pricing-footer\" data-icon=\"\"><div class=\"eb-pricing-button-wrapper\"><a href=\"https:\/\/www.nursing-advisory.com\/pt-br\/servico-completo-sem-ingles-com-financiamento-de-17-meses\/\" class=\"eb-pricing-button\"><span class=\"dashicon dashicons dashicons-\"><\/span><span class=\"eb-button-text\">Mais informa\u00e7\u00f5es<\/span><\/a><\/div><\/div><\/div><\/div><\/div><\/div><\/div>\n<\/div>\n\n\n\n<div class=\"wp-block-column is-layout-flow wp-block-column-is-layout-flow\">\n<div class=\"wp-block-price-table-block-pricing-table\"><div class=\"eb-parent-wrapper eb-parent-eb-pricing-6iqr4h1 \"><div class=\"eb-pricing-6iqr4h1 eb-pricing-wrapper eb-pricing-content-center\"><div class=\"eb-pricing style-2\"><div class=\"eb-pricing-item featured ribbon-2 right\"><div class=\"eb-pricing-item-overlay\"><\/div><div class=\"eb-pricing-header\"><h2 class=\"eb-pricing-title\">Pagamento em dinheiro<\/h2><span class=\"eb-pricing-subtitle\">&#8211;<\/span><\/div><div class=\"eb-pricing-tag\"><span class=\"price-tag\"><span class=\"original-price\" data-price=\"3700\"><span class=\"price-currency\">$<\/span>3700<\/span><\/span><span class=\"price-period\" data-period-separator=\"\" data-price-period=\"\"> <\/span><\/div><div class=\"eb-pricing-body\"><ul class=\"eb-pricebox-features \"><li class=\"eb-pricebox-feature-item\" data-icon=\"fas fa-check\" data-color=\"rgba(245,110,71,1)\" data-clickable=\"false\" data-link=\"\"><i class=\"fas fa-check eb-pricebox-icon\" icon=\"fas fa-check\" style=\"color:rgba(245,110,71,1)\"><\/i><span class=\"eb-pricebox-feature-text\">Um (1) comprovante de diploma de enfermagem profissional<\/span><\/li><li class=\"eb-pricebox-feature-item\" data-icon=\"fas fa-check\" data-color=\"rgba(245,110,71,1)\" data-clickable=\"false\" data-link=\"\"><i class=\"fas fa-check eb-pricebox-icon\" icon=\"fas fa-check\" style=\"color:rgba(245,110,71,1)\"><\/i><span class=\"eb-pricebox-feature-text\">Um (1) servi\u00e7o de tradu\u00e7\u00e3o de diplomas profissionais de enfermagem para verifica\u00e7\u00e3o<\/span><\/li><li class=\"eb-pricebox-feature-item\" data-icon=\"fas fa-check\" data-color=\"rgba(245,110,71,1)\" data-clickable=\"false\" data-link=\"\"><i class=\"fas fa-check eb-pricebox-icon\" icon=\"fas fa-check\" style=\"color:rgba(245,110,71,1)\"><\/i><span class=\"eb-pricebox-feature-text\">Um (1) Servi\u00e7o de Certifica\u00e7\u00e3o do Conselho de Enfermagem<\/span><\/li><li class=\"eb-pricebox-feature-item\" data-icon=\"fas fa-check\" data-color=\"rgba(245,110,71,1)\"><i class=\"fas fa-check eb-pricebox-icon\" icon=\"fas fa-check\" style=\"color:rgba(245,110,71,1)\"><\/i><span class=\"eb-pricebox-feature-text\">Programa de revis\u00e3o do Nash Institute NCLEX-RN de 24 (vinte e quatro) semanas, somente em ingl\u00eas<\/span><\/li><li class=\"eb-pricebox-feature-item\" data-icon=\"fas fa-check\" data-color=\"rgba(245,110,71,1)\"><i class=\"fas fa-check eb-pricebox-icon\" icon=\"fas fa-check\" style=\"color:rgba(245,110,71,1)\"><\/i><span class=\"eb-pricebox-feature-text\">Uma (1) vers\u00e3o da Web do Saunders Comprehensive Review for the NCLEX-RN\u00ae Examination<\/span><\/li><\/ul><\/div><div class=\"eb-pricing-footer\" data-icon=\"\"><div class=\"eb-pricing-button-wrapper\"><a href=\"https:\/\/www.nursing-advisory.com\/pt-br\/servico-completo-sem-ingles-dinheiro-na-entrega-2\/\" class=\"eb-pricing-button\"><span class=\"dashicon dashicons dashicons-\"><\/span><span class=\"eb-button-text\">Mais informa\u00e7\u00f5es<\/span><\/a><\/div><\/div><\/div><\/div><\/div><\/div><\/div>\n<\/div>\n<\/div>\n\n\n\n<div style=\"height:50px\" aria-hidden=\"true\" class=\"wp-block-spacer\"><\/div>\n\n\n\n<h1 class=\"wp-block-heading has-text-align-center\">Instituto Nash<\/h1>\n\n\n\n<div class=\"wp-block-columns is-layout-flex wp-container-core-columns-is-layout-9d6595d7 wp-block-columns-is-layout-flex\">\n<div class=\"wp-block-column is-layout-flow wp-block-column-is-layout-flow\">\n<div class=\"wp-block-price-table-block-pricing-table\"><div class=\"eb-parent-wrapper eb-parent-eb-pricing-6j18ee7 \"><div class=\"eb-pricing-6j18ee7 eb-pricing-wrapper eb-pricing-content-center\"><div class=\"eb-pricing style-2\"><div class=\"eb-pricing-item featured ribbon-2 right\"><div class=\"eb-pricing-item-overlay\"><\/div><div class=\"eb-pricing-header\"><h2 class=\"eb-pricing-title\">Pagamento em dinheiro<\/h2><span class=\"eb-pricing-subtitle\">&#8211;<\/span><\/div><div class=\"eb-pricing-tag\"><span class=\"price-tag\"><span class=\"original-price\" data-price=\"800\"><span class=\"price-currency\">$<\/span>800<\/span><\/span><span class=\"price-period\" data-period-separator=\"\" data-price-period=\"\"> <\/span><\/div><div class=\"eb-pricing-body\"><ul class=\"eb-pricebox-features \"><li class=\"eb-pricebox-feature-item\" data-icon=\"fas fa-check\" data-color=\"rgba(245,110,71,1)\" data-clickable=\"false\" data-link=\"\"><i class=\"fas fa-check eb-pricebox-icon\" icon=\"fas fa-check\" style=\"color:rgba(245,110,71,1)\"><\/i><span class=\"eb-pricebox-feature-text\">Vinte e quatro (24) semanas Nash Institute NCLEX-RN revis\u00e3o preliminar do programa bil\u00edngue<\/span><\/li><li class=\"eb-pricebox-feature-item\" data-icon=\"fas fa-check\" data-color=\"rgba(245,110,71,1)\" data-clickable=\"false\" data-link=\"\"><i class=\"fas fa-check eb-pricebox-icon\" icon=\"fas fa-check\" style=\"color:rgba(245,110,71,1)\"><\/i><span class=\"eb-pricebox-feature-text\">Programa de revis\u00e3o do Nash Institute NCLEX-RN de 24 (vinte e quatro) semanas, somente em ingl\u00eas<\/span><\/li><li class=\"eb-pricebox-feature-item\" data-icon=\"fas fa-check\" data-color=\"rgba(245,110,71,1)\" data-clickable=\"false\" data-link=\"\"><i class=\"fas fa-check eb-pricebox-icon\" icon=\"fas fa-check\" style=\"color:rgba(245,110,71,1)\"><\/i><span class=\"eb-pricebox-feature-text\">Um (1) ano de ArcherReview\u2122 Next-Gen NCLEX RN Rapid Review Combo OnDemand + Qbank<\/span><\/li><\/ul><\/div><div class=\"eb-pricing-footer\" data-icon=\"\"><div class=\"eb-pricing-button-wrapper\"><a href=\"https:\/\/www.nursing-advisory.com\/pt-br\/pagamento-em-dinheiro-do-nash-institute-2\/\" class=\"eb-pricing-button\"><span class=\"dashicon dashicons dashicons-\"><\/span><span class=\"eb-button-text\">Mais informa\u00e7\u00f5es<\/span><\/a><\/div><\/div><\/div><\/div><\/div><\/div><\/div>\n<\/div>\n<\/div>\n\n\n\n<div style=\"height:50px\" aria-hidden=\"true\" class=\"wp-block-spacer\"><\/div>\n\n\n\n<h1 class=\"wp-block-heading has-text-align-center\">Ingl\u00eas com BSR<\/h1>\n\n\n\n<div class=\"wp-block-columns is-layout-flex wp-container-core-columns-is-layout-9d6595d7 wp-block-columns-is-layout-flex\">\n<div class=\"wp-block-column is-layout-flow wp-block-column-is-layout-flow\">\n<div class=\"wp-block-price-table-block-pricing-table\"><div class=\"eb-parent-wrapper eb-parent-eb-pricing-x77ak4w \"><div class=\"eb-pricing-x77ak4w eb-pricing-wrapper eb-pricing-content-center\"><div class=\"eb-pricing style-2\"><div class=\"eb-pricing-item featured ribbon-2 right\"><div class=\"eb-pricing-item-overlay\"><\/div><div class=\"eb-pricing-header\"><h2 class=\"eb-pricing-title\">Pagamento em dinheiro<\/h2><span class=\"eb-pricing-subtitle\">&#8211;<\/span><\/div><div class=\"eb-pricing-tag\"><span class=\"price-tag\"><span class=\"original-price\" data-price=\"1000\"><span class=\"price-currency\">$<\/span>1000<\/span><\/span><span class=\"price-period\" data-period-separator=\"\" data-price-period=\"\"> <\/span><\/div><div class=\"eb-pricing-body\"><ul class=\"eb-pricebox-features \"><li class=\"eb-pricebox-feature-item\" data-icon=\"fas fa-check\" data-color=\"rgba(245,110,71,1)\" data-clickable=\"false\" data-link=\"\"><i class=\"fas fa-check eb-pricebox-icon\" icon=\"fas fa-check\" style=\"color:rgba(245,110,71,1)\"><\/i><span class=\"eb-pricebox-feature-text\">Dezoito (18) meses de prepara\u00e7\u00e3o intensiva para o idioma ingl\u00eas com a BSR Idiomas<\/span><\/li><\/ul><\/div><div class=\"eb-pricing-footer\" data-icon=\"\"><div class=\"eb-pricing-button-wrapper\"><a href=\"https:\/\/www.nursing-advisory.com\/pt-br\/ingles-bsr\/\" class=\"eb-pricing-button\"><span class=\"dashicon dashicons dashicons-\"><\/span><span class=\"eb-button-text\">Mais informa\u00e7\u00f5es<\/span><\/a><\/div><\/div><\/div><\/div><\/div><\/div><\/div>\n<\/div>\n<\/div>\n<\/div><\/div>\n","protected":false},"excerpt":{"rendered":"<p>Homologar seu diploma de enfermagem nos EUA Servi\u00e7o completo Servi\u00e7o completo sem ingl\u00eas Instituto Nash Ingl\u00eas com BSR<\/p>\n","protected":false},"author":1,"featured_media":0,"parent":0,"menu_order":0,"comment_status":"closed","ping_status":"closed","template":"","meta":{"_eb_attr":"","_monsterinsights_skip_tracking":false,"_monsterinsights_sitenote_active":false,"_monsterinsights_sitenote_note":"","_monsterinsights_sitenote_category":0,"footnotes":""},"class_list":["post-8226","page","type-page","status-publish","hentry"],"_links":{"self":[{"href":"https:\/\/www.nursing-advisory.com\/pt-br\/wp-json\/wp\/v2\/pages\/8226","targetHints":{"allow":["GET"]}}],"collection":[{"href":"https:\/\/www.nursing-advisory.com\/pt-br\/wp-json\/wp\/v2\/pages"}],"about":[{"href":"https:\/\/www.nursing-advisory.com\/pt-br\/wp-json\/wp\/v2\/types\/page"}],"author":[{"embeddable":true,"href":"https:\/\/www.nursing-advisory.com\/pt-br\/wp-json\/wp\/v2\/users\/1"}],"replies":[{"embeddable":true,"href":"https:\/\/www.nursing-advisory.com\/pt-br\/wp-json\/wp\/v2\/comments?post=8226"}],"version-history":[{"count":8,"href":"https:\/\/www.nursing-advisory.com\/pt-br\/wp-json\/wp\/v2\/pages\/8226\/revisions"}],"predecessor-version":[{"id":8343,"href":"https:\/\/www.nursing-advisory.com\/pt-br\/wp-json\/wp\/v2\/pages\/8226\/revisions\/8343"}],"wp:attachment":[{"href":"https:\/\/www.nursing-advisory.com\/pt-br\/wp-json\/wp\/v2\/media?parent=8226"}],"curies":[{"name":"wp","href":"https:\/\/api.w.org\/{rel}","templated":true}]}}